{"id":36,"date":"2016-11-15T13:44:07","date_gmt":"2016-11-15T12:44:07","guid":{"rendered":"https:\/\/cafecereza.de\/onlineshop\/impressum\/"},"modified":"2019-02-14T13:43:10","modified_gmt":"2019-02-14T12:43:10","slug":"impressum","status":"publish","type":"page","link":"https:\/\/cafecereza.de\/onlineshop\/impressum\/","title":{"rendered":""},"content":{"rendered":"<h2 style=\"text-align: center;\"><strong>Impressum<\/strong><\/h2>\n<p><b>R\u00f6sterei:<\/b><br \/>\nCaf\u00e9 Cereza GmbH<br \/>\nR\u00f6pkestr. 12<br \/>\n30173 Hannover<br \/>\nGermany<\/p>\n<p><strong>Verwaltung (kein Verkauf o. Lager):<\/strong><br \/>\nCaf\u00e9 Cereza GmbH<br \/>\nGrafel 12<br \/>\n27446 Anderlingen<br \/>\nGermany<\/p>\n<p>Registergericht Tostedt<br \/>\nHRB 205739<br \/>\nGesch\u00e4ftsf\u00fchrer: Heiko Vo\u00dfgr\u00f6ne<\/p>\n<p>Steuer-Nr. 52\/200\/22500<br \/>\nUSt-Id-Nr. DE307570837<br \/>\nVerpackungsregisternr.\u00a0DE2780264590108<\/p>\n<p>___________________________________<\/p>\n<h4>Kontakt<\/h4>\n<p>Tel. +49\u00a0511\u00a085061290<br \/>\nEmail: info@cafecereza.de<\/p>\n<p>___________________________________<\/p>\n<h4>Bankverbindung<\/h4>\n<p>Kontoinhaber: Caf\u00e9 Cereza GmbH<br \/>\nBank: DB Privat- und Firmenkundenbank AG<br \/>\nIBAN: DE39 2507 0024 0036 8746 00<br \/>\nBIC: DEUTDEDBHAN<\/p>\n<p>___________________________________<\/p>\n<p>Verantwortlicher gem. \u00a7 55 RStV\u00a0und Datenschutzbeauftragter: Heiko Vo\u00dfgr\u00f6ne<\/p>\n<p>___________________________________<\/p>\n<p>\u00a9 Copyright 2019 \u2013 Alle Inhalte, insbesondere Texte, Fotografien und Grafiken sind urheberrechtlich gesch\u00fctzt. Alle Rechte,\u00a0einschlie\u00dflich der Vervielf\u00e4ltigung, Ver\u00f6ffentlichung, Bearbeitung und \u00dcbersetzung,\u00a0bleiben vorbehalten, Caf\u00e9 Cereza GmbH.<br \/>\n___________________________________<\/p>\n<div class=\"woocommerce woocommerce-gzd woocommerce-gzd-complaints-shortcode\">\n\t\t\t<h3>Alternative Streitbeilegung gem\u00e4\u00df Art. 14 Abs. 1 ODR-VO und \u00a7 36 VSBG:<\/h3>\n\t\nZur Teilnahme an einem Streitbeilegungsverfahren vor einer Verbraucherschlichtungsstelle sind wir nicht verpflichtet und nicht bereit.<\/div>\n","protected":false},"excerpt":{"rendered":"<p>Impressum R\u00f6sterei: Caf\u00e9 Cereza GmbH R\u00f6pkestr. 12 30173 Hannover Germany Verwaltung (kein Verkauf o. Lager): Caf\u00e9 Cereza GmbH Grafel 12 27446 Anderlingen Germany Registergericht Tostedt HRB 205739 Gesch\u00e4ftsf\u00fchrer: Heiko Vo\u00dfgr\u00f6ne Steuer-Nr. 52\/200\/22500 USt-Id-Nr. DE307570837 Verpackungsregisternr.\u00a0DE2780264590108 ___________________________________ Kontakt Tel. +49\u00a0511\u00a085061290 Email: info@cafecereza.de ___________________________________ Bankverbindung Kontoinhaber: Caf\u00e9 Cereza GmbH Bank: DB Privat- und Firmenkundenbank AG IBAN: DE39 [&hellip;]<\/p>\n","protected":false},"author":1,"featured_media":0,"parent":0,"menu_order":0,"comment_status":"closed","ping_status":"closed","template":"","meta":{"_joinchat":[],"footnotes":""},"class_list":["post-36","page","type-page","status-publish","hentry"],"yoast_head":"<!-- This site is optimized with the Yoast SEO plugin v26.8 - https:\/\/yoast.com\/product\/yoast-seo-wordpress\/ -->\n<title>Caf\u00e9 Cereza - Impressum<\/title>\n<meta name=\"description\" content=\"Impressum\" \/>\n<meta name=\"robots\" content=\"index, follow, max-snippet:-1, max-image-preview:large, max-video-preview:-1\" \/>\n<link rel=\"canonical\" href=\"https:\/\/cafecereza.de\/onlineshop\/impressum\/\" \/>\n<meta property=\"og:locale\" content=\"de_DE\" \/>\n<meta property=\"og:type\" content=\"article\" \/>\n<meta property=\"og:title\" content=\"Caf\u00e9 Cereza - Impressum\" \/>\n<meta property=\"og:description\" content=\"Impressum\" \/>\n<meta property=\"og:url\" content=\"https:\/\/cafecereza.de\/onlineshop\/impressum\/\" \/>\n<meta property=\"og:site_name\" content=\"Caf\u00e9 Cereza Onlineshop\" \/>\n<meta property=\"article:modified_time\" content=\"2019-02-14T12:43:10+00:00\" \/>\n<meta name=\"twitter:card\" content=\"summary_large_image\" \/>\n<script type=\"application\/ld+json\" class=\"yoast-schema-graph\">{\"@context\":\"https:\/\/schema.org\",\"@graph\":[{\"@type\":\"WebPage\",\"@id\":\"https:\/\/cafecereza.de\/onlineshop\/impressum\/\",\"url\":\"https:\/\/cafecereza.de\/onlineshop\/impressum\/\",\"name\":\"Caf\u00e9 Cereza - Impressum\",\"isPartOf\":{\"@id\":\"https:\/\/cafecereza.de\/onlineshop\/#website\"},\"datePublished\":\"2016-11-15T12:44:07+00:00\",\"dateModified\":\"2019-02-14T12:43:10+00:00\",\"description\":\"Impressum\",\"inLanguage\":\"de\",\"potentialAction\":[{\"@type\":\"ReadAction\",\"target\":[\"https:\/\/cafecereza.de\/onlineshop\/impressum\/\"]}]},{\"@type\":\"WebSite\",\"@id\":\"https:\/\/cafecereza.de\/onlineshop\/#website\",\"url\":\"https:\/\/cafecereza.de\/onlineshop\/\",\"name\":\"Caf\u00e9 Cereza Onlineshop\",\"description\":\"Kaffee - Espresso - Mokka\",\"publisher\":{\"@id\":\"https:\/\/cafecereza.de\/onlineshop\/#organization\"},\"potentialAction\":[{\"@type\":\"SearchAction\",\"target\":{\"@type\":\"EntryPoint\",\"urlTemplate\":\"https:\/\/cafecereza.de\/onlineshop\/?s={search_term_string}\"},\"query-input\":{\"@type\":\"PropertyValueSpecification\",\"valueRequired\":true,\"valueName\":\"search_term_string\"}}],\"inLanguage\":\"de\"},{\"@type\":\"Organization\",\"@id\":\"https:\/\/cafecereza.de\/onlineshop\/#organization\",\"name\":\"Caf\u00e9 Cereza Onlineshop\",\"url\":\"https:\/\/cafecereza.de\/onlineshop\/\",\"logo\":{\"@type\":\"ImageObject\",\"inLanguage\":\"de\",\"@id\":\"https:\/\/cafecereza.de\/onlineshop\/#\/schema\/logo\/image\/\",\"url\":\"https:\/\/cafecereza.de\/onlineshop\/wp-content\/uploads\/sites\/4\/2016\/09\/cropped-logo_gross_unterschrift_990033_shop.png\",\"contentUrl\":\"https:\/\/cafecereza.de\/onlineshop\/wp-content\/uploads\/sites\/4\/2016\/09\/cropped-logo_gross_unterschrift_990033_shop.png\",\"width\":470,\"height\":110,\"caption\":\"Caf\u00e9 Cereza Onlineshop\"},\"image\":{\"@id\":\"https:\/\/cafecereza.de\/onlineshop\/#\/schema\/logo\/image\/\"}}]}<\/script>\n<!-- \/ Yoast SEO plugin. -->","yoast_head_json":{"title":"Caf\u00e9 Cereza - Impressum","description":"Impressum","robots":{"index":"index","follow":"follow","max-snippet":"max-snippet:-1","max-image-preview":"max-image-preview:large","max-video-preview":"max-video-preview:-1"},"canonical":"https:\/\/cafecereza.de\/onlineshop\/impressum\/","og_locale":"de_DE","og_type":"article","og_title":"Caf\u00e9 Cereza - Impressum","og_description":"Impressum","og_url":"https:\/\/cafecereza.de\/onlineshop\/impressum\/","og_site_name":"Caf\u00e9 Cereza Onlineshop","article_modified_time":"2019-02-14T12:43:10+00:00","twitter_card":"summary_large_image","schema":{"@context":"https:\/\/schema.org","@graph":[{"@type":"WebPage","@id":"https:\/\/cafecereza.de\/onlineshop\/impressum\/","url":"https:\/\/cafecereza.de\/onlineshop\/impressum\/","name":"Caf\u00e9 Cereza - Impressum","isPartOf":{"@id":"https:\/\/cafecereza.de\/onlineshop\/#website"},"datePublished":"2016-11-15T12:44:07+00:00","dateModified":"2019-02-14T12:43:10+00:00","description":"Impressum","inLanguage":"de","potentialAction":[{"@type":"ReadAction","target":["https:\/\/cafecereza.de\/onlineshop\/impressum\/"]}]},{"@type":"WebSite","@id":"https:\/\/cafecereza.de\/onlineshop\/#website","url":"https:\/\/cafecereza.de\/onlineshop\/","name":"Caf\u00e9 Cereza Onlineshop","description":"Kaffee - Espresso - Mokka","publisher":{"@id":"https:\/\/cafecereza.de\/onlineshop\/#organization"},"potentialAction":[{"@type":"SearchAction","target":{"@type":"EntryPoint","urlTemplate":"https:\/\/cafecereza.de\/onlineshop\/?s={search_term_string}"},"query-input":{"@type":"PropertyValueSpecification","valueRequired":true,"valueName":"search_term_string"}}],"inLanguage":"de"},{"@type":"Organization","@id":"https:\/\/cafecereza.de\/onlineshop\/#organization","name":"Caf\u00e9 Cereza Onlineshop","url":"https:\/\/cafecereza.de\/onlineshop\/","logo":{"@type":"ImageObject","inLanguage":"de","@id":"https:\/\/cafecereza.de\/onlineshop\/#\/schema\/logo\/image\/","url":"https:\/\/cafecereza.de\/onlineshop\/wp-content\/uploads\/sites\/4\/2016\/09\/cropped-logo_gross_unterschrift_990033_shop.png","contentUrl":"https:\/\/cafecereza.de\/onlineshop\/wp-content\/uploads\/sites\/4\/2016\/09\/cropped-logo_gross_unterschrift_990033_shop.png","width":470,"height":110,"caption":"Caf\u00e9 Cereza Onlineshop"},"image":{"@id":"https:\/\/cafecereza.de\/onlineshop\/#\/schema\/logo\/image\/"}}]}},"_links":{"self":[{"href":"https:\/\/cafecereza.de\/onlineshop\/wp-json\/wp\/v2\/pages\/36","targetHints":{"allow":["GET"]}}],"collection":[{"href":"https:\/\/cafecereza.de\/onlineshop\/wp-json\/wp\/v2\/pages"}],"about":[{"href":"https:\/\/cafecereza.de\/onlineshop\/wp-json\/wp\/v2\/types\/page"}],"author":[{"embeddable":true,"href":"https:\/\/cafecereza.de\/onlineshop\/wp-json\/wp\/v2\/users\/1"}],"replies":[{"embeddable":true,"href":"https:\/\/cafecereza.de\/onlineshop\/wp-json\/wp\/v2\/comments?post=36"}],"version-history":[{"count":16,"href":"https:\/\/cafecereza.de\/onlineshop\/wp-json\/wp\/v2\/pages\/36\/revisions"}],"predecessor-version":[{"id":1900,"href":"https:\/\/cafecereza.de\/onlineshop\/wp-json\/wp\/v2\/pages\/36\/revisions\/1900"}],"wp:attachment":[{"href":"https:\/\/cafecereza.de\/onlineshop\/wp-json\/wp\/v2\/media?parent=36"}],"curies":[{"name":"wp","href":"https:\/\/api.w.org\/{rel}","templated":true}]}}