{"id":39,"date":"2016-11-15T13:44:07","date_gmt":"2016-11-15T12:44:07","guid":{"rendered":"https:\/\/cafecereza.de\/onlineshop\/versandarten\/"},"modified":"2023-11-23T13:02:05","modified_gmt":"2023-11-23T12:02:05","slug":"versandarten","status":"publish","type":"page","link":"https:\/\/cafecereza.de\/onlineshop\/versandarten\/","title":{"rendered":""},"content":{"rendered":"<h2 style=\"text-align: center;\">Lieferbedingungen \/ Abholung<\/h2>\n<h4>Versand innerhalb Deutschlands<\/h4>\n<p>Wir versenden an mindestens 3 Tagen in der Woche per DHL. Du bekommst nach dem Versand eine Mail mit der DHL-Trackingnummer. Die Versandkostenpauschale betr\u00e4gt 3,90 EUR. Bestellungen \u00fcber 100 EUR sind versandkostenfrei. Auf die Transportlaufzeiten bei DHL haben wir leider keinen Einfluss.<\/p>\n<h4>Internationaler Versand &#8211; EU<\/h4>\n<p>Wir versenden per DHL in alle Staaten der EU, w\u00e4hlbar an der Kasse unseres Onlineshops. Die Versandkosten in das EU-Ausland werden gewichtsabh\u00e4ngig an der Kasse des Onlineshops berechnet. Im Folgenden Die EU-Versandkosten nach Versandgewicht:<\/p>\n<p>&#8211; \u00a0 2kg \u00a0 \u00a0 \u00a0 \u00a0 \u00a0 \u00a013,99 EUR<br \/>\n2 &#8211; \u00a0 5kg \u00a0 \u00a0 \u00a0 \u00a0 \u00a0 \u00a016,99 EUR<br \/>\n5 &#8211; \u00a0 10kg \u00a0 \u00a0 \u00a0 \u00a0 \u00a021,99 EUR<br \/>\n10 &#8211; 20kg \u00a0 \u00a0 \u00a0 \u00a0 32,99 EUR<br \/>\n20 &#8211; 30kg \u00a0 \u00a0 \u00a0 \u00a0 44,99 EUR<\/p>\n<p>Nach dem Versand bekommst Du eine Mail mit der DHL-Trackingnummer.\u00a0Auf die Transportlaufzeiten bei DHL haben wir leider keinen Einfluss, diese variieren je nach EU-Land.<\/p>\n<p>Als Versandziele ausgeschlossen sind:<\/p>\n<p>F\u00e4r\u00f6er, Gr\u00f6nland (D\u00e4nemark)<br \/>\n\u00c4landinseln (Finnland)<br \/>\n\u00fcberseeische Gebiete und Departements Frankreichs<br \/>\nBerg Athos (Griechenland)<br \/>\nKanalinseln und Gibraltar (GB)<br \/>\nLivigno und Campione d&#8217;Italia (Italien)<br \/>\nau\u00dfereurop\u00e4ische Gebiete der Niederlande<br \/>\nKanarische Inseln, Ceuta und Melilla (Spanien)<br \/>\nNordteil Zyperns<\/p>\n<h4>Internationaler Versand &#8211; Weltweit<\/h4>\n<p>Solltest Du unseren Kaffee ausserhalb der EU geniessen wollen, kontaktiere uns bitte unter Tel. +49 511 85061290 oder per <a href=\"mailto:info@cafecereza.de\">Mail<\/a> f\u00fcr ein individuelles Angebot.<\/p>\n<h4>Abholung \/ Verkauf vor Ort<\/h4>\n<p>Du kannst auch gerne bei uns direkt in der R\u00f6sterei in Hannover (R\u00f6pkestr. 12, 30173 Hannover) Deinen Kaffee kaufen. Wir bitten Dich allerdings, Dich vorher auf unserer <a href=\"http:\/\/facebook.com\/cafecerezagmbh\">Facebook-Seite<\/a> zu vergewissern ob wir an dem Tag f\u00fcr den Vor-Ort-Verkauf ge\u00f6ffnet haben oder rufe uns vorher einfach an.<br \/>\nZahlung vor Ort in der R\u00f6sterei ist m\u00f6glich mit allen g\u00e4ngigen Karten.<\/p>\n","protected":false},"excerpt":{"rendered":"<p>Lieferbedingungen \/ Abholung Versand innerhalb Deutschlands Wir versenden an mindestens 3 Tagen in der Woche per DHL. Du bekommst nach dem Versand eine Mail mit der DHL-Trackingnummer. Die Versandkostenpauschale betr\u00e4gt 3,90 EUR. Bestellungen \u00fcber 100 EUR sind versandkostenfrei. Auf die Transportlaufzeiten bei DHL haben wir leider keinen Einfluss. Internationaler Versand &#8211; EU Wir versenden per [&hellip;]<\/p>\n","protected":false},"author":1,"featured_media":0,"parent":0,"menu_order":0,"comment_status":"closed","ping_status":"closed","template":"template-fullwidth.php","meta":{"_joinchat":[],"footnotes":""},"class_list":["post-39","page","type-page","status-publish","hentry"],"yoast_head":"<!-- This site is optimized with the Yoast SEO plugin v26.8 - https:\/\/yoast.com\/product\/yoast-seo-wordpress\/ -->\n<title>Caf\u00e9 Cereza - Lieferbedingungen<\/title>\n<meta name=\"description\" content=\"Lieferbedingungen \/ Versand \/ Abholung\" \/>\n<meta name=\"robots\" content=\"index, follow, max-snippet:-1, max-image-preview:large, max-video-preview:-1\" \/>\n<link rel=\"canonical\" href=\"https:\/\/cafecereza.de\/onlineshop\/versandarten\/\" \/>\n<meta property=\"og:locale\" content=\"de_DE\" \/>\n<meta property=\"og:type\" content=\"article\" \/>\n<meta property=\"og:title\" content=\"Caf\u00e9 Cereza - Lieferbedingungen\" \/>\n<meta property=\"og:description\" content=\"Lieferbedingungen \/ Versand \/ Abholung\" \/>\n<meta property=\"og:url\" content=\"https:\/\/cafecereza.de\/onlineshop\/versandarten\/\" \/>\n<meta property=\"og:site_name\" content=\"Caf\u00e9 Cereza Onlineshop\" \/>\n<meta property=\"article:modified_time\" content=\"2023-11-23T12:02:05+00:00\" \/>\n<meta name=\"twitter:card\" content=\"summary_large_image\" \/>\n<meta name=\"twitter:label1\" content=\"Gesch\u00e4tzte Lesezeit\" \/>\n\t<meta name=\"twitter:data1\" content=\"2\u00a0Minuten\" \/>\n<script type=\"application\/ld+json\" class=\"yoast-schema-graph\">{\"@context\":\"https:\/\/schema.org\",\"@graph\":[{\"@type\":\"WebPage\",\"@id\":\"https:\/\/cafecereza.de\/onlineshop\/versandarten\/\",\"url\":\"https:\/\/cafecereza.de\/onlineshop\/versandarten\/\",\"name\":\"Caf\u00e9 Cereza - Lieferbedingungen\",\"isPartOf\":{\"@id\":\"https:\/\/cafecereza.de\/onlineshop\/#website\"},\"datePublished\":\"2016-11-15T12:44:07+00:00\",\"dateModified\":\"2023-11-23T12:02:05+00:00\",\"description\":\"Lieferbedingungen \/ Versand \/ Abholung\",\"inLanguage\":\"de\",\"potentialAction\":[{\"@type\":\"ReadAction\",\"target\":[\"https:\/\/cafecereza.de\/onlineshop\/versandarten\/\"]}]},{\"@type\":\"WebSite\",\"@id\":\"https:\/\/cafecereza.de\/onlineshop\/#website\",\"url\":\"https:\/\/cafecereza.de\/onlineshop\/\",\"name\":\"Caf\u00e9 Cereza Onlineshop\",\"description\":\"Kaffee - Espresso - Mokka\",\"publisher\":{\"@id\":\"https:\/\/cafecereza.de\/onlineshop\/#organization\"},\"potentialAction\":[{\"@type\":\"SearchAction\",\"target\":{\"@type\":\"EntryPoint\",\"urlTemplate\":\"https:\/\/cafecereza.de\/onlineshop\/?s={search_term_string}\"},\"query-input\":{\"@type\":\"PropertyValueSpecification\",\"valueRequired\":true,\"valueName\":\"search_term_string\"}}],\"inLanguage\":\"de\"},{\"@type\":\"Organization\",\"@id\":\"https:\/\/cafecereza.de\/onlineshop\/#organization\",\"name\":\"Caf\u00e9 Cereza Onlineshop\",\"url\":\"https:\/\/cafecereza.de\/onlineshop\/\",\"logo\":{\"@type\":\"ImageObject\",\"inLanguage\":\"de\",\"@id\":\"https:\/\/cafecereza.de\/onlineshop\/#\/schema\/logo\/image\/\",\"url\":\"https:\/\/cafecereza.de\/onlineshop\/wp-content\/uploads\/sites\/4\/2016\/09\/cropped-logo_gross_unterschrift_990033_shop.png\",\"contentUrl\":\"https:\/\/cafecereza.de\/onlineshop\/wp-content\/uploads\/sites\/4\/2016\/09\/cropped-logo_gross_unterschrift_990033_shop.png\",\"width\":470,\"height\":110,\"caption\":\"Caf\u00e9 Cereza Onlineshop\"},\"image\":{\"@id\":\"https:\/\/cafecereza.de\/onlineshop\/#\/schema\/logo\/image\/\"}}]}<\/script>\n<!-- \/ Yoast SEO plugin. -->","yoast_head_json":{"title":"Caf\u00e9 Cereza - Lieferbedingungen","description":"Lieferbedingungen \/ Versand \/ Abholung","robots":{"index":"index","follow":"follow","max-snippet":"max-snippet:-1","max-image-preview":"max-image-preview:large","max-video-preview":"max-video-preview:-1"},"canonical":"https:\/\/cafecereza.de\/onlineshop\/versandarten\/","og_locale":"de_DE","og_type":"article","og_title":"Caf\u00e9 Cereza - Lieferbedingungen","og_description":"Lieferbedingungen \/ Versand \/ Abholung","og_url":"https:\/\/cafecereza.de\/onlineshop\/versandarten\/","og_site_name":"Caf\u00e9 Cereza Onlineshop","article_modified_time":"2023-11-23T12:02:05+00:00","twitter_card":"summary_large_image","twitter_misc":{"Gesch\u00e4tzte Lesezeit":"2\u00a0Minuten"},"schema":{"@context":"https:\/\/schema.org","@graph":[{"@type":"WebPage","@id":"https:\/\/cafecereza.de\/onlineshop\/versandarten\/","url":"https:\/\/cafecereza.de\/onlineshop\/versandarten\/","name":"Caf\u00e9 Cereza - Lieferbedingungen","isPartOf":{"@id":"https:\/\/cafecereza.de\/onlineshop\/#website"},"datePublished":"2016-11-15T12:44:07+00:00","dateModified":"2023-11-23T12:02:05+00:00","description":"Lieferbedingungen \/ Versand \/ Abholung","inLanguage":"de","potentialAction":[{"@type":"ReadAction","target":["https:\/\/cafecereza.de\/onlineshop\/versandarten\/"]}]},{"@type":"WebSite","@id":"https:\/\/cafecereza.de\/onlineshop\/#website","url":"https:\/\/cafecereza.de\/onlineshop\/","name":"Caf\u00e9 Cereza Onlineshop","description":"Kaffee - Espresso - Mokka","publisher":{"@id":"https:\/\/cafecereza.de\/onlineshop\/#organization"},"potentialAction":[{"@type":"SearchAction","target":{"@type":"EntryPoint","urlTemplate":"https:\/\/cafecereza.de\/onlineshop\/?s={search_term_string}"},"query-input":{"@type":"PropertyValueSpecification","valueRequired":true,"valueName":"search_term_string"}}],"inLanguage":"de"},{"@type":"Organization","@id":"https:\/\/cafecereza.de\/onlineshop\/#organization","name":"Caf\u00e9 Cereza Onlineshop","url":"https:\/\/cafecereza.de\/onlineshop\/","logo":{"@type":"ImageObject","inLanguage":"de","@id":"https:\/\/cafecereza.de\/onlineshop\/#\/schema\/logo\/image\/","url":"https:\/\/cafecereza.de\/onlineshop\/wp-content\/uploads\/sites\/4\/2016\/09\/cropped-logo_gross_unterschrift_990033_shop.png","contentUrl":"https:\/\/cafecereza.de\/onlineshop\/wp-content\/uploads\/sites\/4\/2016\/09\/cropped-logo_gross_unterschrift_990033_shop.png","width":470,"height":110,"caption":"Caf\u00e9 Cereza Onlineshop"},"image":{"@id":"https:\/\/cafecereza.de\/onlineshop\/#\/schema\/logo\/image\/"}}]}},"_links":{"self":[{"href":"https:\/\/cafecereza.de\/onlineshop\/wp-json\/wp\/v2\/pages\/39","targetHints":{"allow":["GET"]}}],"collection":[{"href":"https:\/\/cafecereza.de\/onlineshop\/wp-json\/wp\/v2\/pages"}],"about":[{"href":"https:\/\/cafecereza.de\/onlineshop\/wp-json\/wp\/v2\/types\/page"}],"author":[{"embeddable":true,"href":"https:\/\/cafecereza.de\/onlineshop\/wp-json\/wp\/v2\/users\/1"}],"replies":[{"embeddable":true,"href":"https:\/\/cafecereza.de\/onlineshop\/wp-json\/wp\/v2\/comments?post=39"}],"version-history":[{"count":16,"href":"https:\/\/cafecereza.de\/onlineshop\/wp-json\/wp\/v2\/pages\/39\/revisions"}],"predecessor-version":[{"id":3450,"href":"https:\/\/cafecereza.de\/onlineshop\/wp-json\/wp\/v2\/pages\/39\/revisions\/3450"}],"wp:attachment":[{"href":"https:\/\/cafecereza.de\/onlineshop\/wp-json\/wp\/v2\/media?parent=39"}],"curies":[{"name":"wp","href":"https:\/\/api.w.org\/{rel}","templated":true}]}}