{"id":83,"date":"2016-11-22T17:54:52","date_gmt":"2016-11-22T16:54:52","guid":{"rendered":"https:\/\/cafecereza.de\/onlineshop\/?page_id=83"},"modified":"2018-01-23T14:11:32","modified_gmt":"2018-01-23T13:11:32","slug":"faq","status":"publish","type":"page","link":"https:\/\/cafecereza.de\/onlineshop\/faq\/","title":{"rendered":""},"content":{"rendered":"<h2 style=\"text-align: center;\">FAQ<\/h2>\n<h4>Kaffee<\/h4>\n<ol>\n<li style=\"text-align: justify;\"><strong>Ich habe bisher immer Kaffee\/Espresso im Supermarkt gekauft, warum sollte ich bei Euch<\/strong> <strong>kaufen<\/strong>?<br \/>\na) Wegen des hervorragenden Geschmacks. Nur durch sorgf\u00e4ltige, langsame, traditionelle Trommelr\u00f6stung lassen sich Geschmacksnuancen erhalten und hervorheben. Eine R\u00f6stung in unserem Trommelr\u00f6ster dauert bis zu 18 Minuten und die Kaffeebohnen werden nicht heisser als ca. 220\u00b0C.\u00a0<strong><br \/>\n<\/strong>b) Weil wir laufend frisch r\u00f6sten, am R\u00f6stdatum erkennbar. R\u00f6stkaffee verliert, abhh\u00e4ngig von der Sorte und R\u00f6stung, einige Wochen nach der R\u00f6stung stetig an Aroma.<br \/>\nc) Wegen der herausragenden Qualit\u00e4t. Wir verwenden nur Rohbohnen h\u00f6chster Qualit\u00e4t aus dem Spezialit\u00e4tenkaffeesegment.<br \/>\nd) Weil wir fair mit allen Handelspartnern umgehen. Wir zahlen im Direkteinkauf den Produzenten immer \u00fcber dem Fairtrade-Preis und achten bei unseren Handelspartnern auf soziale Verantwortung.<\/li>\n<li style=\"text-align: justify;\"><strong>Woher bezieht ihr den Rohkaffee?<\/strong><br \/>\nWir importieren direkt aus den Herkunftsl\u00e4ndern, auch in Gemeinschaft mit anderen R\u00f6stereien oder wir beziehen die Rohware aus dem Grosshandel f\u00fcr Spezialit\u00e4tenkaffee. Immer muss f\u00fcr uns der Produzent klar erkennbar und die sozialen Standards sowie Produktionsbedingungen \u00fcberpr\u00fcfbar sein.<\/li>\n<li style=\"text-align: justify;\"><strong>Wie beurteilt ihr die Qualit\u00e4t?<\/strong><br \/>\nWir f\u00fchren vor dem Einkauf sog. Cuppings durch. Hier wird eine kleine Menge Rohkaffee standardisiert ger\u00f6stet und verkostet. Hierdurch l\u00e4sst sich die Qualit\u00e4t einstufen, evtl. geschmackliche Defekte aufdecken und die Aromen bestimmen. Kaffee wird nach diesem Verfahren weltweit qualitativ eingestuft.<\/li>\n<li style=\"text-align: justify;\"><strong>Warum schmeckt euer Kaffee\/Espresso so gut, ist das Zufall?<\/strong><br \/>\nNein, wir entwickeln aufgrund des zuk\u00fcnftigen Geschmacks, der Verwendung und weitere Rahmenbedingung eine Zielvorgabe. Daraufhin suchen wir unter Anwendung o. g. Cuppings die genau passende Rohware aus. Daraufhin werden diverse Testr\u00f6stungen mittels eines Probenr\u00f6sters durchgef\u00fchrt und auf die Zielvorgabe optimiert und unter normalen Anwendungsbedingungen, z. B. in der Siebtr\u00e4germaschine, Kaffeemaschine oder im Handaufguss getestet. Dann wird das sog. R\u00f6stprofil f\u00fcr die Kaffee- oder Espressoproduktion angewendet. Aufgrund ver\u00e4nderbarer Rahmenbedingungen wie bspw. Temperatur oder Luftfeuchtigkeit m\u00fcssen die R\u00f6stvorg\u00e4nge laufend optimiert werden.<\/li>\n<li style=\"text-align: justify;\"><strong>Schmeckt euer Kaffee auch aus meinem Vollautomaten?<\/strong><br \/>\nDer Geschmack Deines Kaffees wird sich mit unseren Sorten erheblich verbessern. Du solltest jedoch nicht eine zu grosse Menge auf Vorrat einf\u00fcllen, da die Kaffeebohnen unter Sauerstoffeinfluss schnell altern. Bewahre die Bohnen daher besser in dem Vakuumbeutel auf und f\u00fclle bei Bedarf nach. Gut geeignete Sorten haben wir entsprechend gekennzeichnet.<br \/>\nBei einem anstehenden Austausch des Ger\u00e4tes raten wir zur Siebtr\u00e4germaschine.<\/li>\n<li style=\"text-align: justify;\"><strong>Warum habt ihr kein Fair-Trade oder Bio-Siegel?<\/strong><br \/>\nSiegel und Zertifizierungen kosten Geld und sind mit erheblichem Verwaltungsaufwand verbunden sowie oftmals kein Qualit\u00e4tsmerkmal, wir sind daher als R\u00f6ster selbst nicht zertifiziert. Auch wir kaufen Rohbohnen mit Fair-Trade, Bio- oder sonstigen Zertifizierungen, dies ist f\u00fcr uns aber nicht das alleinige Kaufargument. Bei einem Direkteinkauf und von uns \u00fcberpr\u00fcfbaren Produzenten sind wir zudem erheblich sicherer da\u00df die Produktionsbedingungen unseren Vorstellungen nachhaltiger Landwirtschaft und sozialen Standards entsprechen. Kurz gesagt: Wir schauen lieber selbst genau hin.<\/li>\n<li style=\"text-align: justify;\"><strong>Ich schmecke die von euch angegebenen Geschmacksnuancen nicht, wie kommt das?<\/strong><br \/>\nWir verkosten den Kaffee nicht nur unter Laborbedingungen, mit sehr guten M\u00fchlen und Siebtr\u00e4germaschinen sondern auch mit normalem Equipment, z. B. einer Kaffeemaschine und im Handaufguss. Jedoch ist Kaffee ein Naturprodukt und die Aromen ver\u00e4ndern sich im Laufe der Alterung und unter Einfluss von Variablen wie bspw. Wasserh\u00e4rte, Lagerbedingungen, Temperaturen, Mahlgrad, verwendeten Kaffeemengen, St\u00e4rken und Schw\u00e4chen verschiedener Siebtr\u00e4germaschinen und Kaffeem\u00fchlen usw. Nicht immer wirst Du daher alle angegeben Geschmacksrichtungen einwandfrei reproduzieren k\u00f6nnen. Wir versuchen jedoch m\u00f6glichst einfach zu handhabende Produkte herzustellen.<\/li>\n<li><strong>Ich bin finanziell etwas eingeschr\u00e4nkt, wie bereite ich euren Kaffee\/Espresso mit g\u00fcnstigstem Equipment optimal zu?<\/strong><br \/>\na) Kaufe dir eine gute, g\u00fcnstige M\u00fchle.\u00a0Kosten: ca. 20-30 EUR.<br \/>\nb) Je nach Vorliebe im Handaufgussverfahren mit Filterpapier, Frenchpress, Herdk\u00e4nnchen oder, etwas nerdiger, mit einer Aeropress.\u00a0Kosten: ca. 10-30 EUR.<\/li>\n<li style=\"text-align: justify;\"><strong>Ich habe keine eigene Kaffee-\/Espressom\u00fchle, was nun?<\/strong><br \/>\nKaffee verliert im gemahlenen Zustand relativ schnell an Aroma, daher und auch weil sich der Mahlgrad individuell auf dein Equipment bzw. deine Vorlieben einstellen l\u00e4sst raten wir dir dringend eine eigene M\u00fchle anzuschaffen. Die Kosten halten sich f\u00fcr eine akzeptable Handm\u00fchle mit ca. 20-30 EUR \u00a0bzw. ca. 150 EUR f\u00fcr eine elektrische Espressom\u00fchle in Grenzen und du wirst deinen Kaffee\/Espresso in einer ganz anderen Qualit\u00e4t geniessen k\u00f6nnen.<br \/>\nBei Abholung vor Ort in unserer R\u00f6sterei oder wenn Du den entsprechenden Mahlgrad in unserem Onlineshop ausw\u00e4hlst, mahlen\u00a0wir Dir auch gerne den Kaffee wie gew\u00fcnscht.<\/li>\n<li style=\"text-align: justify;\"><strong>Kann ich den Kaffee oder Espresso auch bei euch in der R\u00f6sterei probieren?<\/strong><br \/>\nDa wir eine R\u00f6sterei und kein Caf\u00e9 oder eine sonstige Gastronomie betreiben ist dies leider nicht m\u00f6glich. Gerne kannst Du aber zu unseren \u00d6ffnungszeiten Deinen Kaffee oder Espresso auch direkt bei uns in Hannover in der R\u00f6sterei kaufen. Wir beraten Dich und finden die f\u00fcr Dich perfekte Sorte.<\/li>\n<\/ol>\n<h4><\/h4>\n<h4>Abholung \/ Verkauf vor Ort \/ \u00d6ffnungszeiten \/ Zahlungsm\u00f6glichkeiten<\/h4>\n<p style=\"text-align: justify;\">Du kannst auch gerne bei uns direkt in der R\u00f6sterei in Hannover Deinen Kaffee kaufen. Wir bitten Dich allerdings, Dich vorher auf unserer\u00a0<a href=\"http:\/\/facebook.com\/cafecerezagmbh\">Facebook-Seite<\/a> zu vergewissern ob wir an dem Tag f\u00fcr den Vor-Ort-Verkauf ge\u00f6ffnet haben oder rufe uns vorher einfach an ob und wann wir ausserhalb der regul\u00e4ren \u00d6ffnungszeiten in der R\u00f6sterei sind.<br \/>\nZahlung vor Ort ist m\u00f6glich in bar oder mit allen g\u00e4ngigen Karten.<\/p>\n<p>&nbsp;<\/p>\n<p><strong>Anfahrt und Kontakt &#8211; R\u00f6sterei Hannover<\/strong><\/p>\n<p>Caf\u00e9 Cereza GmbH<br \/>\nR\u00f6pkestr. 12<br \/>\n30173 Hannover<\/p>\n<p>Tel.: +49 511\u00a085061290<br \/>\nEmail: <a href=\"mailto:info@cafecereza.de\">info@cafecereza.de<\/a><\/p>\n<p><iframe loading=\"lazy\" style=\"border: 0;\" src=\"https:\/\/www.google.com\/maps\/embed?pb=!1m18!1m12!1m3!1d9744.84437235517!2d9.768179167270953!3d52.36659225534029!2m3!1f0!2f0!3f0!3m2!1i1024!2i768!4f13.1!3m3!1m2!1s0x47b00b41c061e7c7%3A0xcdee36ee70edc3f8!2sR%C3%B6pkestra%C3%9Fe+12%2C+30173+Hannover!5e0!3m2!1sde!2sde!4v1482936193433\" width=\"400\" height=\"300\" frameborder=\"0\" allowfullscreen=\"allowfullscreen\"><\/iframe><\/p>\n<p>&nbsp;<\/p>\n<h4>Gewerbliche Kunden \/ Gastronomie<\/h4>\n<p style=\"text-align: justify;\">Wir freuen uns, auch gewerbliche Kunden, die Gastronomie, B\u00fcrogemeinschaften o. \u00e4. zu beliefern. F\u00fcr ein individuelles Angebot kontaktiere uns bitte unter:<\/p>\n<p>Tel. +49 511 85061290<br \/>\nEmail: <a href=\"mailto:info@cafecereza.de\">info@cafecereza.de<\/a><\/p>\n<p>&nbsp;<\/p>\n<p>&nbsp;<\/p>\n<h4><\/h4>\n<p>&nbsp;<\/p>\n","protected":false},"excerpt":{"rendered":"<p>FAQ Kaffee Ich habe bisher immer Kaffee\/Espresso im Supermarkt gekauft, warum sollte ich bei Euch kaufen? a) Wegen des hervorragenden Geschmacks. Nur durch sorgf\u00e4ltige, langsame, traditionelle Trommelr\u00f6stung lassen sich Geschmacksnuancen erhalten und hervorheben. Eine R\u00f6stung in unserem Trommelr\u00f6ster dauert bis zu 18 Minuten und die Kaffeebohnen werden nicht heisser als ca. 220\u00b0C.\u00a0 b) Weil wir [&hellip;]<\/p>\n","protected":false},"author":2,"featured_media":0,"parent":0,"menu_order":0,"comment_status":"closed","ping_status":"closed","template":"template-fullwidth.php","meta":{"_joinchat":[],"footnotes":""},"class_list":["post-83","page","type-page","status-publish","hentry"],"yoast_head":"<!-- This site is optimized with the Yoast SEO plugin v26.8 - https:\/\/yoast.com\/product\/yoast-seo-wordpress\/ -->\n<title>Caf\u00e9 Cereza - FAQ<\/title>\n<meta name=\"description\" content=\"FAQ\" \/>\n<meta name=\"robots\" content=\"index, follow, max-snippet:-1, max-image-preview:large, max-video-preview:-1\" \/>\n<link rel=\"canonical\" href=\"https:\/\/cafecereza.de\/onlineshop\/faq\/\" \/>\n<meta property=\"og:locale\" content=\"de_DE\" \/>\n<meta property=\"og:type\" content=\"article\" \/>\n<meta property=\"og:title\" content=\"Caf\u00e9 Cereza - FAQ\" \/>\n<meta property=\"og:description\" content=\"FAQ\" \/>\n<meta property=\"og:url\" content=\"https:\/\/cafecereza.de\/onlineshop\/faq\/\" \/>\n<meta property=\"og:site_name\" content=\"Caf\u00e9 Cereza Onlineshop\" \/>\n<meta property=\"article:modified_time\" content=\"2018-01-23T13:11:32+00:00\" \/>\n<meta name=\"twitter:card\" content=\"summary_large_image\" \/>\n<meta name=\"twitter:label1\" content=\"Gesch\u00e4tzte Lesezeit\" \/>\n\t<meta name=\"twitter:data1\" content=\"5\u00a0Minuten\" \/>\n<script type=\"application\/ld+json\" class=\"yoast-schema-graph\">{\"@context\":\"https:\/\/schema.org\",\"@graph\":[{\"@type\":\"WebPage\",\"@id\":\"https:\/\/cafecereza.de\/onlineshop\/faq\/\",\"url\":\"https:\/\/cafecereza.de\/onlineshop\/faq\/\",\"name\":\"Caf\u00e9 Cereza - FAQ\",\"isPartOf\":{\"@id\":\"https:\/\/cafecereza.de\/onlineshop\/#website\"},\"datePublished\":\"2016-11-22T16:54:52+00:00\",\"dateModified\":\"2018-01-23T13:11:32+00:00\",\"description\":\"FAQ\",\"inLanguage\":\"de\",\"potentialAction\":[{\"@type\":\"ReadAction\",\"target\":[\"https:\/\/cafecereza.de\/onlineshop\/faq\/\"]}]},{\"@type\":\"WebSite\",\"@id\":\"https:\/\/cafecereza.de\/onlineshop\/#website\",\"url\":\"https:\/\/cafecereza.de\/onlineshop\/\",\"name\":\"Caf\u00e9 Cereza Onlineshop\",\"description\":\"Kaffee - Espresso - Mokka\",\"publisher\":{\"@id\":\"https:\/\/cafecereza.de\/onlineshop\/#organization\"},\"potentialAction\":[{\"@type\":\"SearchAction\",\"target\":{\"@type\":\"EntryPoint\",\"urlTemplate\":\"https:\/\/cafecereza.de\/onlineshop\/?s={search_term_string}\"},\"query-input\":{\"@type\":\"PropertyValueSpecification\",\"valueRequired\":true,\"valueName\":\"search_term_string\"}}],\"inLanguage\":\"de\"},{\"@type\":\"Organization\",\"@id\":\"https:\/\/cafecereza.de\/onlineshop\/#organization\",\"name\":\"Caf\u00e9 Cereza Onlineshop\",\"url\":\"https:\/\/cafecereza.de\/onlineshop\/\",\"logo\":{\"@type\":\"ImageObject\",\"inLanguage\":\"de\",\"@id\":\"https:\/\/cafecereza.de\/onlineshop\/#\/schema\/logo\/image\/\",\"url\":\"https:\/\/cafecereza.de\/onlineshop\/wp-content\/uploads\/sites\/4\/2016\/09\/cropped-logo_gross_unterschrift_990033_shop.png\",\"contentUrl\":\"https:\/\/cafecereza.de\/onlineshop\/wp-content\/uploads\/sites\/4\/2016\/09\/cropped-logo_gross_unterschrift_990033_shop.png\",\"width\":470,\"height\":110,\"caption\":\"Caf\u00e9 Cereza Onlineshop\"},\"image\":{\"@id\":\"https:\/\/cafecereza.de\/onlineshop\/#\/schema\/logo\/image\/\"}}]}<\/script>\n<!-- \/ Yoast SEO plugin. -->","yoast_head_json":{"title":"Caf\u00e9 Cereza - FAQ","description":"FAQ","robots":{"index":"index","follow":"follow","max-snippet":"max-snippet:-1","max-image-preview":"max-image-preview:large","max-video-preview":"max-video-preview:-1"},"canonical":"https:\/\/cafecereza.de\/onlineshop\/faq\/","og_locale":"de_DE","og_type":"article","og_title":"Caf\u00e9 Cereza - FAQ","og_description":"FAQ","og_url":"https:\/\/cafecereza.de\/onlineshop\/faq\/","og_site_name":"Caf\u00e9 Cereza Onlineshop","article_modified_time":"2018-01-23T13:11:32+00:00","twitter_card":"summary_large_image","twitter_misc":{"Gesch\u00e4tzte Lesezeit":"5\u00a0Minuten"},"schema":{"@context":"https:\/\/schema.org","@graph":[{"@type":"WebPage","@id":"https:\/\/cafecereza.de\/onlineshop\/faq\/","url":"https:\/\/cafecereza.de\/onlineshop\/faq\/","name":"Caf\u00e9 Cereza - FAQ","isPartOf":{"@id":"https:\/\/cafecereza.de\/onlineshop\/#website"},"datePublished":"2016-11-22T16:54:52+00:00","dateModified":"2018-01-23T13:11:32+00:00","description":"FAQ","inLanguage":"de","potentialAction":[{"@type":"ReadAction","target":["https:\/\/cafecereza.de\/onlineshop\/faq\/"]}]},{"@type":"WebSite","@id":"https:\/\/cafecereza.de\/onlineshop\/#website","url":"https:\/\/cafecereza.de\/onlineshop\/","name":"Caf\u00e9 Cereza Onlineshop","description":"Kaffee - Espresso - Mokka","publisher":{"@id":"https:\/\/cafecereza.de\/onlineshop\/#organization"},"potentialAction":[{"@type":"SearchAction","target":{"@type":"EntryPoint","urlTemplate":"https:\/\/cafecereza.de\/onlineshop\/?s={search_term_string}"},"query-input":{"@type":"PropertyValueSpecification","valueRequired":true,"valueName":"search_term_string"}}],"inLanguage":"de"},{"@type":"Organization","@id":"https:\/\/cafecereza.de\/onlineshop\/#organization","name":"Caf\u00e9 Cereza Onlineshop","url":"https:\/\/cafecereza.de\/onlineshop\/","logo":{"@type":"ImageObject","inLanguage":"de","@id":"https:\/\/cafecereza.de\/onlineshop\/#\/schema\/logo\/image\/","url":"https:\/\/cafecereza.de\/onlineshop\/wp-content\/uploads\/sites\/4\/2016\/09\/cropped-logo_gross_unterschrift_990033_shop.png","contentUrl":"https:\/\/cafecereza.de\/onlineshop\/wp-content\/uploads\/sites\/4\/2016\/09\/cropped-logo_gross_unterschrift_990033_shop.png","width":470,"height":110,"caption":"Caf\u00e9 Cereza Onlineshop"},"image":{"@id":"https:\/\/cafecereza.de\/onlineshop\/#\/schema\/logo\/image\/"}}]}},"_links":{"self":[{"href":"https:\/\/cafecereza.de\/onlineshop\/wp-json\/wp\/v2\/pages\/83","targetHints":{"allow":["GET"]}}],"collection":[{"href":"https:\/\/cafecereza.de\/onlineshop\/wp-json\/wp\/v2\/pages"}],"about":[{"href":"https:\/\/cafecereza.de\/onlineshop\/wp-json\/wp\/v2\/types\/page"}],"author":[{"embeddable":true,"href":"https:\/\/cafecereza.de\/onlineshop\/wp-json\/wp\/v2\/users\/2"}],"replies":[{"embeddable":true,"href":"https:\/\/cafecereza.de\/onlineshop\/wp-json\/wp\/v2\/comments?post=83"}],"version-history":[{"count":42,"href":"https:\/\/cafecereza.de\/onlineshop\/wp-json\/wp\/v2\/pages\/83\/revisions"}],"predecessor-version":[{"id":1714,"href":"https:\/\/cafecereza.de\/onlineshop\/wp-json\/wp\/v2\/pages\/83\/revisions\/1714"}],"wp:attachment":[{"href":"https:\/\/cafecereza.de\/onlineshop\/wp-json\/wp\/v2\/media?parent=83"}],"curies":[{"name":"wp","href":"https:\/\/api.w.org\/{rel}","templated":true}]}}