{"id":3643,"date":"2017-04-04T16:21:32","date_gmt":"2017-04-04T14:21:32","guid":{"rendered":"https:\/\/cafecereza.de\/onlineshop\/produkt\/colombia-tolima\/"},"modified":"2026-04-01T13:01:25","modified_gmt":"2026-04-01T11:01:25","slug":"colombia-tolima","status":"publish","type":"product","link":"https:\/\/cafecereza.de\/onlineshop\/produkt\/colombia-tolima\/","title":{"rendered":"Colombia Tolima"},"content":{"rendered":"<p>Agprocem was incorporated on October 10, 2013 by Edinson Vaquiro and Israel Montes, with the purpose of direct trade, preserve the natural environment and improve the quality of life of their members and their families.<br \/>\nAgprocem obtained organic and fair trade certifications in 2015. Using their social premiums, they invested in a 278 m2 plot where they plan to build a new warehouse and administrative offices.<br \/>\nTheir members are located in the Montalvo area of Planadas, south Tolima province. Cup profiles in this region are very unique, with average SCAA scores over 85 pts. <\/p>\n","protected":false},"excerpt":{"rendered":"<p>Ein herausragender Filterkaffee &#8211; klar, brilliant und ausbalanciert im Geschmack. Der Kaffee stammt von einer kleinen Produzentenkooperative mit nur 35 Mitgliedern. Die Kooperative legt besonderen Wert auf die Erhaltung der Natur und die Verbesserung der Lebensbedingungen ihrer Mitglieder und Familien.<\/p>\n<p>Geschmacksprofil: Mandarine &#8211; Jasmin &#8211; Honig &#8211; mittlere S\u00fcsse &#8211; feine S\u00e4ure &#8211; ausbalanciert &#8211; sauber<\/p>\n<p>Land: Kolumbien<br \/>\nRegion: Planadas, Tolima<br \/>\nFarm: AGPROCEM Kooperative<br \/>\nH\u00f6he: 1.650 &#8211; 2.100 m<br \/>\nVariet\u00e4t:  T\u00edp\u00edca, Castillo, Caturra<br \/>\nAufbereitung:  washed <\/p>\n<p>Besonders geeignet f\u00fcr: Handfilter, Aeropress, Kaffeemaschine<\/p>\n","protected":false},"featured_media":3649,"template":"","meta":{"_joinchat":[]},"product_brand":[],"product_cat":[174],"product_tag":[],"class_list":{"0":"post-3643","1":"product","2":"type-product","3":"status-publish","4":"has-post-thumbnail","6":"product_cat-filterkaffee","7":"product_shipping_class-standard","9":"first","10":"instock","11":"taxable","12":"shipping-taxable","13":"purchasable","14":"product-type-variable"},"yoast_head":"<!-- This site is optimized with the Yoast SEO plugin v26.8 - https:\/\/yoast.com\/product\/yoast-seo-wordpress\/ -->\n<title>Colombia Tolima - Caf\u00e9 Cereza Onlineshop<\/title>\n<meta name=\"robots\" content=\"index, follow, max-snippet:-1, max-image-preview:large, max-video-preview:-1\" \/>\n<link rel=\"canonical\" href=\"https:\/\/cafecereza.de\/onlineshop\/produkt\/colombia-tolima\/\" \/>\n<meta property=\"og:locale\" content=\"de_DE\" \/>\n<meta property=\"og:type\" content=\"article\" \/>\n<meta property=\"og:title\" content=\"Colombia Tolima - Caf\u00e9 Cereza Onlineshop\" \/>\n<meta property=\"og:description\" content=\"Ein herausragender Filterkaffee - klar, brilliant und ausbalanciert im Geschmack. Der Kaffee stammt von einer kleinen Produzentenkooperative mit nur 35 Mitgliedern. Die Kooperative legt besonderen Wert auf die Erhaltung der Natur und die Verbesserung der Lebensbedingungen ihrer Mitglieder und Familien.  Geschmacksprofil: Mandarine - Jasmin - Honig - mittlere S\u00fcsse - feine S\u00e4ure - ausbalanciert - sauber  Land: Kolumbien Region: Planadas, Tolima Farm: AGPROCEM Kooperative H\u00f6he: 1.650 - 2.100 m Variet\u00e4t: T\u00edp\u00edca, Castillo, Caturra Aufbereitung: washed   Besonders geeignet f\u00fcr: Handfilter, Aeropress, Kaffeemaschine\" \/>\n<meta property=\"og:url\" content=\"https:\/\/cafecereza.de\/onlineshop\/produkt\/colombia-tolima\/\" \/>\n<meta property=\"og:site_name\" content=\"Caf\u00e9 Cereza Onlineshop\" \/>\n<meta property=\"article:modified_time\" content=\"2026-04-01T11:01:25+00:00\" \/>\n<meta name=\"twitter:card\" content=\"summary_large_image\" \/>\n<script type=\"application\/ld+json\" class=\"yoast-schema-graph\">{\"@context\":\"https:\/\/schema.org\",\"@graph\":[{\"@type\":\"WebPage\",\"@id\":\"https:\/\/cafecereza.de\/onlineshop\/produkt\/colombia-tolima\/\",\"url\":\"https:\/\/cafecereza.de\/onlineshop\/produkt\/colombia-tolima\/\",\"name\":\"Colombia Tolima - Caf\u00e9 Cereza Onlineshop\",\"isPartOf\":{\"@id\":\"https:\/\/cafecereza.de\/onlineshop\/#website\"},\"primaryImageOfPage\":{\"@id\":\"https:\/\/cafecereza.de\/onlineshop\/produkt\/colombia-tolima\/#primaryimage\"},\"image\":{\"@id\":\"https:\/\/cafecereza.de\/onlineshop\/produkt\/colombia-tolima\/#primaryimage\"},\"thumbnailUrl\":\"https:\/\/cafecereza.de\/onlineshop\/wp-content\/uploads\/sites\/4\/2026\/03\/967_Product.jpg\",\"datePublished\":\"2017-04-04T14:21:32+00:00\",\"dateModified\":\"2026-04-01T11:01:25+00:00\",\"breadcrumb\":{\"@id\":\"https:\/\/cafecereza.de\/onlineshop\/produkt\/colombia-tolima\/#breadcrumb\"},\"inLanguage\":\"de\",\"potentialAction\":[{\"@type\":\"ReadAction\",\"target\":[\"https:\/\/cafecereza.de\/onlineshop\/produkt\/colombia-tolima\/\"]}]},{\"@type\":\"ImageObject\",\"inLanguage\":\"de\",\"@id\":\"https:\/\/cafecereza.de\/onlineshop\/produkt\/colombia-tolima\/#primaryimage\",\"url\":\"https:\/\/cafecereza.de\/onlineshop\/wp-content\/uploads\/sites\/4\/2026\/03\/967_Product.jpg\",\"contentUrl\":\"https:\/\/cafecereza.de\/onlineshop\/wp-content\/uploads\/sites\/4\/2026\/03\/967_Product.jpg\",\"width\":413,\"height\":500,\"caption\":\"Colombia Excelso Tolima wawi.jpg\"},{\"@type\":\"BreadcrumbList\",\"@id\":\"https:\/\/cafecereza.de\/onlineshop\/produkt\/colombia-tolima\/#breadcrumb\",\"itemListElement\":[{\"@type\":\"ListItem\",\"position\":1,\"name\":\"Startseite\",\"item\":\"https:\/\/cafecereza.de\/onlineshop\/\"},{\"@type\":\"ListItem\",\"position\":2,\"name\":\"Colombia Tolima\"}]},{\"@type\":\"WebSite\",\"@id\":\"https:\/\/cafecereza.de\/onlineshop\/#website\",\"url\":\"https:\/\/cafecereza.de\/onlineshop\/\",\"name\":\"Caf\u00e9 Cereza Onlineshop\",\"description\":\"Kaffee - Espresso - Mokka\",\"publisher\":{\"@id\":\"https:\/\/cafecereza.de\/onlineshop\/#organization\"},\"potentialAction\":[{\"@type\":\"SearchAction\",\"target\":{\"@type\":\"EntryPoint\",\"urlTemplate\":\"https:\/\/cafecereza.de\/onlineshop\/?s={search_term_string}\"},\"query-input\":{\"@type\":\"PropertyValueSpecification\",\"valueRequired\":true,\"valueName\":\"search_term_string\"}}],\"inLanguage\":\"de\"},{\"@type\":\"Organization\",\"@id\":\"https:\/\/cafecereza.de\/onlineshop\/#organization\",\"name\":\"Caf\u00e9 Cereza Onlineshop\",\"url\":\"https:\/\/cafecereza.de\/onlineshop\/\",\"logo\":{\"@type\":\"ImageObject\",\"inLanguage\":\"de\",\"@id\":\"https:\/\/cafecereza.de\/onlineshop\/#\/schema\/logo\/image\/\",\"url\":\"https:\/\/cafecereza.de\/onlineshop\/wp-content\/uploads\/sites\/4\/2016\/09\/cropped-logo_gross_unterschrift_990033_shop.png\",\"contentUrl\":\"https:\/\/cafecereza.de\/onlineshop\/wp-content\/uploads\/sites\/4\/2016\/09\/cropped-logo_gross_unterschrift_990033_shop.png\",\"width\":470,\"height\":110,\"caption\":\"Caf\u00e9 Cereza Onlineshop\"},\"image\":{\"@id\":\"https:\/\/cafecereza.de\/onlineshop\/#\/schema\/logo\/image\/\"}}]}<\/script>\n<!-- \/ Yoast SEO plugin. -->","yoast_head_json":{"title":"Colombia Tolima - Caf\u00e9 Cereza Onlineshop","robots":{"index":"index","follow":"follow","max-snippet":"max-snippet:-1","max-image-preview":"max-image-preview:large","max-video-preview":"max-video-preview:-1"},"canonical":"https:\/\/cafecereza.de\/onlineshop\/produkt\/colombia-tolima\/","og_locale":"de_DE","og_type":"article","og_title":"Colombia Tolima - Caf\u00e9 Cereza Onlineshop","og_description":"Ein herausragender Filterkaffee - klar, brilliant und ausbalanciert im Geschmack. Der Kaffee stammt von einer kleinen Produzentenkooperative mit nur 35 Mitgliedern. Die Kooperative legt besonderen Wert auf die Erhaltung der Natur und die Verbesserung der Lebensbedingungen ihrer Mitglieder und Familien.  Geschmacksprofil: Mandarine - Jasmin - Honig - mittlere S\u00fcsse - feine S\u00e4ure - ausbalanciert - sauber  Land: Kolumbien Region: Planadas, Tolima Farm: AGPROCEM Kooperative H\u00f6he: 1.650 - 2.100 m Variet\u00e4t: T\u00edp\u00edca, Castillo, Caturra Aufbereitung: washed   Besonders geeignet f\u00fcr: Handfilter, Aeropress, Kaffeemaschine","og_url":"https:\/\/cafecereza.de\/onlineshop\/produkt\/colombia-tolima\/","og_site_name":"Caf\u00e9 Cereza Onlineshop","article_modified_time":"2026-04-01T11:01:25+00:00","twitter_card":"summary_large_image","schema":{"@context":"https:\/\/schema.org","@graph":[{"@type":"WebPage","@id":"https:\/\/cafecereza.de\/onlineshop\/produkt\/colombia-tolima\/","url":"https:\/\/cafecereza.de\/onlineshop\/produkt\/colombia-tolima\/","name":"Colombia Tolima - Caf\u00e9 Cereza Onlineshop","isPartOf":{"@id":"https:\/\/cafecereza.de\/onlineshop\/#website"},"primaryImageOfPage":{"@id":"https:\/\/cafecereza.de\/onlineshop\/produkt\/colombia-tolima\/#primaryimage"},"image":{"@id":"https:\/\/cafecereza.de\/onlineshop\/produkt\/colombia-tolima\/#primaryimage"},"thumbnailUrl":"https:\/\/cafecereza.de\/onlineshop\/wp-content\/uploads\/sites\/4\/2026\/03\/967_Product.jpg","datePublished":"2017-04-04T14:21:32+00:00","dateModified":"2026-04-01T11:01:25+00:00","breadcrumb":{"@id":"https:\/\/cafecereza.de\/onlineshop\/produkt\/colombia-tolima\/#breadcrumb"},"inLanguage":"de","potentialAction":[{"@type":"ReadAction","target":["https:\/\/cafecereza.de\/onlineshop\/produkt\/colombia-tolima\/"]}]},{"@type":"ImageObject","inLanguage":"de","@id":"https:\/\/cafecereza.de\/onlineshop\/produkt\/colombia-tolima\/#primaryimage","url":"https:\/\/cafecereza.de\/onlineshop\/wp-content\/uploads\/sites\/4\/2026\/03\/967_Product.jpg","contentUrl":"https:\/\/cafecereza.de\/onlineshop\/wp-content\/uploads\/sites\/4\/2026\/03\/967_Product.jpg","width":413,"height":500,"caption":"Colombia Excelso Tolima wawi.jpg"},{"@type":"BreadcrumbList","@id":"https:\/\/cafecereza.de\/onlineshop\/produkt\/colombia-tolima\/#breadcrumb","itemListElement":[{"@type":"ListItem","position":1,"name":"Startseite","item":"https:\/\/cafecereza.de\/onlineshop\/"},{"@type":"ListItem","position":2,"name":"Colombia Tolima"}]},{"@type":"WebSite","@id":"https:\/\/cafecereza.de\/onlineshop\/#website","url":"https:\/\/cafecereza.de\/onlineshop\/","name":"Caf\u00e9 Cereza Onlineshop","description":"Kaffee - Espresso - Mokka","publisher":{"@id":"https:\/\/cafecereza.de\/onlineshop\/#organization"},"potentialAction":[{"@type":"SearchAction","target":{"@type":"EntryPoint","urlTemplate":"https:\/\/cafecereza.de\/onlineshop\/?s={search_term_string}"},"query-input":{"@type":"PropertyValueSpecification","valueRequired":true,"valueName":"search_term_string"}}],"inLanguage":"de"},{"@type":"Organization","@id":"https:\/\/cafecereza.de\/onlineshop\/#organization","name":"Caf\u00e9 Cereza Onlineshop","url":"https:\/\/cafecereza.de\/onlineshop\/","logo":{"@type":"ImageObject","inLanguage":"de","@id":"https:\/\/cafecereza.de\/onlineshop\/#\/schema\/logo\/image\/","url":"https:\/\/cafecereza.de\/onlineshop\/wp-content\/uploads\/sites\/4\/2016\/09\/cropped-logo_gross_unterschrift_990033_shop.png","contentUrl":"https:\/\/cafecereza.de\/onlineshop\/wp-content\/uploads\/sites\/4\/2016\/09\/cropped-logo_gross_unterschrift_990033_shop.png","width":470,"height":110,"caption":"Caf\u00e9 Cereza Onlineshop"},"image":{"@id":"https:\/\/cafecereza.de\/onlineshop\/#\/schema\/logo\/image\/"}}]}},"_links":{"self":[{"href":"https:\/\/cafecereza.de\/onlineshop\/wp-json\/wp\/v2\/product\/3643","targetHints":{"allow":["GET"]}}],"collection":[{"href":"https:\/\/cafecereza.de\/onlineshop\/wp-json\/wp\/v2\/product"}],"about":[{"href":"https:\/\/cafecereza.de\/onlineshop\/wp-json\/wp\/v2\/types\/product"}],"wp:featuredmedia":[{"embeddable":true,"href":"https:\/\/cafecereza.de\/onlineshop\/wp-json\/wp\/v2\/media\/3649"}],"wp:attachment":[{"href":"https:\/\/cafecereza.de\/onlineshop\/wp-json\/wp\/v2\/media?parent=3643"}],"wp:term":[{"taxonomy":"product_brand","embeddable":true,"href":"https:\/\/cafecereza.de\/onlineshop\/wp-json\/wp\/v2\/product_brand?post=3643"},{"taxonomy":"product_cat","embeddable":true,"href":"https:\/\/cafecereza.de\/onlineshop\/wp-json\/wp\/v2\/product_cat?post=3643"},{"taxonomy":"product_tag","embeddable":true,"href":"https:\/\/cafecereza.de\/onlineshop\/wp-json\/wp\/v2\/product_tag?post=3643"}],"curies":[{"name":"wp","href":"https:\/\/api.w.org\/{rel}","templated":true}]}}