{"id":3644,"date":"2017-05-04T22:17:39","date_gmt":"2017-05-04T20:17:39","guid":{"rendered":"https:\/\/cafecereza.de\/onlineshop\/produkt\/zumba-espresso-blend\/"},"modified":"2026-04-01T13:06:59","modified_gmt":"2026-04-01T11:06:59","slug":"zumba-espresso-blend","status":"publish","type":"product","link":"https:\/\/cafecereza.de\/onlineshop\/produkt\/zumba-espresso-blend\/","title":{"rendered":"Zumba Espresso Blend"},"content":{"rendered":"<p>Wir haben die Kooperativen ACRIM und APECAP 2017 in Ecuador besucht und konnten uns von dem vorbildlichen Zustand der Kaffeefarmen, dem tollen Zusammenhalt in den Kooperativen sowie von der herausragenden Qualit\u00e4t des nachhaltig produzierten Rohkaffees \u00fcberzeugen. <\/p>\n","protected":false},"excerpt":{"rendered":"<p>Zumba &#8211; der wundersch\u00f6n gelegene Heimatort der Kaffeekooperative ACRIM in Ecuador ist der Namensgeber f\u00fcr diesen Espresso. Die f\u00fcr diesen Blend verwendeten Spitzenkaffeesorten ergeben einen ganz besonders ausgewogenen Espresso. S\u00fcss, harmonisch, mit Super-Crema und einfach in der Zubereitung. Perfekt also f\u00fcr jeden Tag &#8211; toll auch als Basis im Cappuccino. <\/p>\n<p>40% Ecuador, ACRIM \/ 40% Ecuador APECAP \/ 20% Indien Wayanad Robusta<br \/>\nGeschmacksprofil: dunkle Schokolade &#8211; ger\u00f6stete Haselnuss &#8211; Karamell<\/p>\n<p>Land: Ecuador \/ Ecuador \/ Indien<br \/>\nRegion: Zumba \/ Palanda \/ Kerala<br \/>\nFarm: ACRIM Kooperative \/ APECAP Kooperative \/ Wayanad Kooperative<br \/>\nAufbereitung:  washed<br \/>\nBesonders geeignet f\u00fcr: Siebtr\u00e4ger, Vollautomat, Herdkanne<\/p>\n","protected":false},"featured_media":3650,"template":"","meta":{"_joinchat":[]},"product_brand":[],"product_cat":[173],"product_tag":[],"class_list":{"0":"post-3644","1":"product","2":"type-product","3":"status-publish","4":"has-post-thumbnail","6":"product_cat-espresso","7":"product_shipping_class-standard","9":"first","10":"instock","11":"taxable","12":"shipping-taxable","13":"purchasable","14":"product-type-variable"},"yoast_head":"<!-- This site is optimized with the Yoast SEO plugin v26.8 - https:\/\/yoast.com\/product\/yoast-seo-wordpress\/ -->\n<title>Zumba Espresso Blend - Caf\u00e9 Cereza Onlineshop<\/title>\n<meta name=\"robots\" content=\"index, follow, max-snippet:-1, max-image-preview:large, max-video-preview:-1\" \/>\n<link rel=\"canonical\" href=\"https:\/\/cafecereza.de\/onlineshop\/produkt\/zumba-espresso-blend\/\" \/>\n<meta property=\"og:locale\" content=\"de_DE\" \/>\n<meta property=\"og:type\" content=\"article\" \/>\n<meta property=\"og:title\" content=\"Zumba Espresso Blend - Caf\u00e9 Cereza Onlineshop\" \/>\n<meta property=\"og:description\" content=\"Zumba - der wundersch\u00f6n gelegene Heimatort der Kaffeekooperative ACRIM in Ecuador ist der Namensgeber f\u00fcr diesen Espresso. Die f\u00fcr diesen Blend verwendeten Spitzenkaffeesorten ergeben einen ganz besonders ausgewogenen Espresso. S\u00fcss, harmonisch, mit Super-Crema und einfach in der Zubereitung. Perfekt also f\u00fcr jeden Tag - toll auch als Basis im Cappuccino.   40% Ecuador, ACRIM \/ 40% Ecuador APECAP \/ 20% Indien Wayanad Robusta Geschmacksprofil: dunkle Schokolade - ger\u00f6stete Haselnuss - Karamell  Land: Ecuador \/ Ecuador \/ Indien Region: Zumba \/ Palanda \/ Kerala Farm: ACRIM Kooperative \/ APECAP Kooperative \/ Wayanad Kooperative Aufbereitung: washed  Besonders geeignet f\u00fcr: Siebtr\u00e4ger, Vollautomat, Herdkanne\" \/>\n<meta property=\"og:url\" content=\"https:\/\/cafecereza.de\/onlineshop\/produkt\/zumba-espresso-blend\/\" \/>\n<meta property=\"og:site_name\" content=\"Caf\u00e9 Cereza Onlineshop\" \/>\n<meta property=\"article:modified_time\" content=\"2026-04-01T11:06:59+00:00\" \/>\n<meta name=\"twitter:card\" content=\"summary_large_image\" \/>\n<script type=\"application\/ld+json\" class=\"yoast-schema-graph\">{\"@context\":\"https:\/\/schema.org\",\"@graph\":[{\"@type\":\"WebPage\",\"@id\":\"https:\/\/cafecereza.de\/onlineshop\/produkt\/zumba-espresso-blend\/\",\"url\":\"https:\/\/cafecereza.de\/onlineshop\/produkt\/zumba-espresso-blend\/\",\"name\":\"Zumba Espresso Blend - Caf\u00e9 Cereza Onlineshop\",\"isPartOf\":{\"@id\":\"https:\/\/cafecereza.de\/onlineshop\/#website\"},\"primaryImageOfPage\":{\"@id\":\"https:\/\/cafecereza.de\/onlineshop\/produkt\/zumba-espresso-blend\/#primaryimage\"},\"image\":{\"@id\":\"https:\/\/cafecereza.de\/onlineshop\/produkt\/zumba-espresso-blend\/#primaryimage\"},\"thumbnailUrl\":\"https:\/\/cafecereza.de\/onlineshop\/wp-content\/uploads\/sites\/4\/2026\/03\/859_Product.jpg\",\"datePublished\":\"2017-05-04T20:17:39+00:00\",\"dateModified\":\"2026-04-01T11:06:59+00:00\",\"breadcrumb\":{\"@id\":\"https:\/\/cafecereza.de\/onlineshop\/produkt\/zumba-espresso-blend\/#breadcrumb\"},\"inLanguage\":\"de\",\"potentialAction\":[{\"@type\":\"ReadAction\",\"target\":[\"https:\/\/cafecereza.de\/onlineshop\/produkt\/zumba-espresso-blend\/\"]}]},{\"@type\":\"ImageObject\",\"inLanguage\":\"de\",\"@id\":\"https:\/\/cafecereza.de\/onlineshop\/produkt\/zumba-espresso-blend\/#primaryimage\",\"url\":\"https:\/\/cafecereza.de\/onlineshop\/wp-content\/uploads\/sites\/4\/2026\/03\/859_Product.jpg\",\"contentUrl\":\"https:\/\/cafecereza.de\/onlineshop\/wp-content\/uploads\/sites\/4\/2026\/03\/859_Product.jpg\",\"width\":413,\"height\":500,\"caption\":\"Zumba Espresso wawi.jpg\"},{\"@type\":\"BreadcrumbList\",\"@id\":\"https:\/\/cafecereza.de\/onlineshop\/produkt\/zumba-espresso-blend\/#breadcrumb\",\"itemListElement\":[{\"@type\":\"ListItem\",\"position\":1,\"name\":\"Startseite\",\"item\":\"https:\/\/cafecereza.de\/onlineshop\/\"},{\"@type\":\"ListItem\",\"position\":2,\"name\":\"Zumba Espresso Blend\"}]},{\"@type\":\"WebSite\",\"@id\":\"https:\/\/cafecereza.de\/onlineshop\/#website\",\"url\":\"https:\/\/cafecereza.de\/onlineshop\/\",\"name\":\"Caf\u00e9 Cereza Onlineshop\",\"description\":\"Kaffee - Espresso - Mokka\",\"publisher\":{\"@id\":\"https:\/\/cafecereza.de\/onlineshop\/#organization\"},\"potentialAction\":[{\"@type\":\"SearchAction\",\"target\":{\"@type\":\"EntryPoint\",\"urlTemplate\":\"https:\/\/cafecereza.de\/onlineshop\/?s={search_term_string}\"},\"query-input\":{\"@type\":\"PropertyValueSpecification\",\"valueRequired\":true,\"valueName\":\"search_term_string\"}}],\"inLanguage\":\"de\"},{\"@type\":\"Organization\",\"@id\":\"https:\/\/cafecereza.de\/onlineshop\/#organization\",\"name\":\"Caf\u00e9 Cereza Onlineshop\",\"url\":\"https:\/\/cafecereza.de\/onlineshop\/\",\"logo\":{\"@type\":\"ImageObject\",\"inLanguage\":\"de\",\"@id\":\"https:\/\/cafecereza.de\/onlineshop\/#\/schema\/logo\/image\/\",\"url\":\"https:\/\/cafecereza.de\/onlineshop\/wp-content\/uploads\/sites\/4\/2016\/09\/cropped-logo_gross_unterschrift_990033_shop.png\",\"contentUrl\":\"https:\/\/cafecereza.de\/onlineshop\/wp-content\/uploads\/sites\/4\/2016\/09\/cropped-logo_gross_unterschrift_990033_shop.png\",\"width\":470,\"height\":110,\"caption\":\"Caf\u00e9 Cereza Onlineshop\"},\"image\":{\"@id\":\"https:\/\/cafecereza.de\/onlineshop\/#\/schema\/logo\/image\/\"}}]}<\/script>\n<!-- \/ Yoast SEO plugin. -->","yoast_head_json":{"title":"Zumba Espresso Blend - Caf\u00e9 Cereza Onlineshop","robots":{"index":"index","follow":"follow","max-snippet":"max-snippet:-1","max-image-preview":"max-image-preview:large","max-video-preview":"max-video-preview:-1"},"canonical":"https:\/\/cafecereza.de\/onlineshop\/produkt\/zumba-espresso-blend\/","og_locale":"de_DE","og_type":"article","og_title":"Zumba Espresso Blend - Caf\u00e9 Cereza Onlineshop","og_description":"Zumba - der wundersch\u00f6n gelegene Heimatort der Kaffeekooperative ACRIM in Ecuador ist der Namensgeber f\u00fcr diesen Espresso. Die f\u00fcr diesen Blend verwendeten Spitzenkaffeesorten ergeben einen ganz besonders ausgewogenen Espresso. S\u00fcss, harmonisch, mit Super-Crema und einfach in der Zubereitung. Perfekt also f\u00fcr jeden Tag - toll auch als Basis im Cappuccino.   40% Ecuador, ACRIM \/ 40% Ecuador APECAP \/ 20% Indien Wayanad Robusta Geschmacksprofil: dunkle Schokolade - ger\u00f6stete Haselnuss - Karamell  Land: Ecuador \/ Ecuador \/ Indien Region: Zumba \/ Palanda \/ Kerala Farm: ACRIM Kooperative \/ APECAP Kooperative \/ Wayanad Kooperative Aufbereitung: washed  Besonders geeignet f\u00fcr: Siebtr\u00e4ger, Vollautomat, Herdkanne","og_url":"https:\/\/cafecereza.de\/onlineshop\/produkt\/zumba-espresso-blend\/","og_site_name":"Caf\u00e9 Cereza Onlineshop","article_modified_time":"2026-04-01T11:06:59+00:00","twitter_card":"summary_large_image","schema":{"@context":"https:\/\/schema.org","@graph":[{"@type":"WebPage","@id":"https:\/\/cafecereza.de\/onlineshop\/produkt\/zumba-espresso-blend\/","url":"https:\/\/cafecereza.de\/onlineshop\/produkt\/zumba-espresso-blend\/","name":"Zumba Espresso Blend - Caf\u00e9 Cereza Onlineshop","isPartOf":{"@id":"https:\/\/cafecereza.de\/onlineshop\/#website"},"primaryImageOfPage":{"@id":"https:\/\/cafecereza.de\/onlineshop\/produkt\/zumba-espresso-blend\/#primaryimage"},"image":{"@id":"https:\/\/cafecereza.de\/onlineshop\/produkt\/zumba-espresso-blend\/#primaryimage"},"thumbnailUrl":"https:\/\/cafecereza.de\/onlineshop\/wp-content\/uploads\/sites\/4\/2026\/03\/859_Product.jpg","datePublished":"2017-05-04T20:17:39+00:00","dateModified":"2026-04-01T11:06:59+00:00","breadcrumb":{"@id":"https:\/\/cafecereza.de\/onlineshop\/produkt\/zumba-espresso-blend\/#breadcrumb"},"inLanguage":"de","potentialAction":[{"@type":"ReadAction","target":["https:\/\/cafecereza.de\/onlineshop\/produkt\/zumba-espresso-blend\/"]}]},{"@type":"ImageObject","inLanguage":"de","@id":"https:\/\/cafecereza.de\/onlineshop\/produkt\/zumba-espresso-blend\/#primaryimage","url":"https:\/\/cafecereza.de\/onlineshop\/wp-content\/uploads\/sites\/4\/2026\/03\/859_Product.jpg","contentUrl":"https:\/\/cafecereza.de\/onlineshop\/wp-content\/uploads\/sites\/4\/2026\/03\/859_Product.jpg","width":413,"height":500,"caption":"Zumba Espresso wawi.jpg"},{"@type":"BreadcrumbList","@id":"https:\/\/cafecereza.de\/onlineshop\/produkt\/zumba-espresso-blend\/#breadcrumb","itemListElement":[{"@type":"ListItem","position":1,"name":"Startseite","item":"https:\/\/cafecereza.de\/onlineshop\/"},{"@type":"ListItem","position":2,"name":"Zumba Espresso Blend"}]},{"@type":"WebSite","@id":"https:\/\/cafecereza.de\/onlineshop\/#website","url":"https:\/\/cafecereza.de\/onlineshop\/","name":"Caf\u00e9 Cereza Onlineshop","description":"Kaffee - Espresso - Mokka","publisher":{"@id":"https:\/\/cafecereza.de\/onlineshop\/#organization"},"potentialAction":[{"@type":"SearchAction","target":{"@type":"EntryPoint","urlTemplate":"https:\/\/cafecereza.de\/onlineshop\/?s={search_term_string}"},"query-input":{"@type":"PropertyValueSpecification","valueRequired":true,"valueName":"search_term_string"}}],"inLanguage":"de"},{"@type":"Organization","@id":"https:\/\/cafecereza.de\/onlineshop\/#organization","name":"Caf\u00e9 Cereza Onlineshop","url":"https:\/\/cafecereza.de\/onlineshop\/","logo":{"@type":"ImageObject","inLanguage":"de","@id":"https:\/\/cafecereza.de\/onlineshop\/#\/schema\/logo\/image\/","url":"https:\/\/cafecereza.de\/onlineshop\/wp-content\/uploads\/sites\/4\/2016\/09\/cropped-logo_gross_unterschrift_990033_shop.png","contentUrl":"https:\/\/cafecereza.de\/onlineshop\/wp-content\/uploads\/sites\/4\/2016\/09\/cropped-logo_gross_unterschrift_990033_shop.png","width":470,"height":110,"caption":"Caf\u00e9 Cereza Onlineshop"},"image":{"@id":"https:\/\/cafecereza.de\/onlineshop\/#\/schema\/logo\/image\/"}}]}},"_links":{"self":[{"href":"https:\/\/cafecereza.de\/onlineshop\/wp-json\/wp\/v2\/product\/3644","targetHints":{"allow":["GET"]}}],"collection":[{"href":"https:\/\/cafecereza.de\/onlineshop\/wp-json\/wp\/v2\/product"}],"about":[{"href":"https:\/\/cafecereza.de\/onlineshop\/wp-json\/wp\/v2\/types\/product"}],"wp:featuredmedia":[{"embeddable":true,"href":"https:\/\/cafecereza.de\/onlineshop\/wp-json\/wp\/v2\/media\/3650"}],"wp:attachment":[{"href":"https:\/\/cafecereza.de\/onlineshop\/wp-json\/wp\/v2\/media?parent=3644"}],"wp:term":[{"taxonomy":"product_brand","embeddable":true,"href":"https:\/\/cafecereza.de\/onlineshop\/wp-json\/wp\/v2\/product_brand?post=3644"},{"taxonomy":"product_cat","embeddable":true,"href":"https:\/\/cafecereza.de\/onlineshop\/wp-json\/wp\/v2\/product_cat?post=3644"},{"taxonomy":"product_tag","embeddable":true,"href":"https:\/\/cafecereza.de\/onlineshop\/wp-json\/wp\/v2\/product_tag?post=3644"}],"curies":[{"name":"wp","href":"https:\/\/api.w.org\/{rel}","templated":true}]}}