{"id":3645,"date":"2021-01-19T15:41:17","date_gmt":"2021-01-19T14:41:17","guid":{"rendered":"https:\/\/cafecereza.de\/onlineshop\/produkt\/guatemala-baja-verapaz\/"},"modified":"2026-04-01T13:06:59","modified_gmt":"2026-04-01T11:06:59","slug":"guatemala-baja-verapaz","status":"publish","type":"product","link":"https:\/\/cafecereza.de\/onlineshop\/produkt\/guatemala-baja-verapaz\/","title":{"rendered":"Guatemala Baja Verapaz"},"content":{"rendered":"<p>Zusatzinfo zur Herkunft: www.fincabremen.com<\/p>\n","protected":false},"excerpt":{"rendered":"<p>Ein samtweicher Espresso mit einer tollen Herkunft.Die Produzenten f\u00fchren die Finca seit \u00fcber 130 Jahren in dritter Generation und unterst\u00fctzen vor Ort 350 Familien durch regelm\u00e4ssiges Einkommen, Bildungs- und Gesundheitsprogramme. Der Kaffee stammt aus nachhaltigem Anbau.<\/p>\n<p>Herkunft: Guatemala, Baja Verapaz<br \/>\nFinca: Finca Bremen<br \/>\nAufbereitung: washed<br \/>\nGeschmacksprofil: Hibiskus, ger\u00f6stete Haselnuss, Vanille, Milchschokolade, Biskuit<br \/>\nGeeignet f\u00fcr: Siebtr\u00e4ger, Herdkanne, Vollautomat<\/p>\n","protected":false},"featured_media":3660,"template":"","meta":{"_joinchat":[]},"product_brand":[],"product_cat":[173],"product_tag":[],"class_list":{"0":"post-3645","1":"product","2":"type-product","3":"status-publish","4":"has-post-thumbnail","6":"product_cat-espresso","7":"product_shipping_class-standard","9":"first","10":"instock","11":"taxable","12":"shipping-taxable","13":"purchasable","14":"product-type-variable"},"yoast_head":"<!-- This site is optimized with the Yoast SEO plugin v26.8 - https:\/\/yoast.com\/product\/yoast-seo-wordpress\/ -->\n<title>Guatemala Baja Verapaz - Caf\u00e9 Cereza Onlineshop<\/title>\n<meta name=\"robots\" content=\"index, follow, max-snippet:-1, max-image-preview:large, max-video-preview:-1\" \/>\n<link rel=\"canonical\" href=\"https:\/\/cafecereza.de\/onlineshop\/produkt\/guatemala-baja-verapaz\/\" \/>\n<meta property=\"og:locale\" content=\"de_DE\" \/>\n<meta property=\"og:type\" content=\"article\" \/>\n<meta property=\"og:title\" content=\"Guatemala Baja Verapaz - Caf\u00e9 Cereza Onlineshop\" \/>\n<meta property=\"og:description\" content=\"Ein samtweicher Espresso mit einer tollen Herkunft.Die Produzenten f\u00fchren die Finca seit \u00fcber 130 Jahren in dritter Generation und unterst\u00fctzen vor Ort 350 Familien durch regelm\u00e4ssiges Einkommen, Bildungs- und Gesundheitsprogramme. Der Kaffee stammt aus nachhaltigem Anbau.  Herkunft: Guatemala, Baja Verapaz Finca: Finca Bremen Aufbereitung: washed Geschmacksprofil: Hibiskus, ger\u00f6stete Haselnuss, Vanille, Milchschokolade, Biskuit Geeignet f\u00fcr: Siebtr\u00e4ger, Herdkanne, Vollautomat\" \/>\n<meta property=\"og:url\" content=\"https:\/\/cafecereza.de\/onlineshop\/produkt\/guatemala-baja-verapaz\/\" \/>\n<meta property=\"og:site_name\" content=\"Caf\u00e9 Cereza Onlineshop\" \/>\n<meta property=\"article:modified_time\" content=\"2026-04-01T11:06:59+00:00\" \/>\n<meta name=\"twitter:card\" content=\"summary_large_image\" \/>\n<script type=\"application\/ld+json\" class=\"yoast-schema-graph\">{\"@context\":\"https:\/\/schema.org\",\"@graph\":[{\"@type\":\"WebPage\",\"@id\":\"https:\/\/cafecereza.de\/onlineshop\/produkt\/guatemala-baja-verapaz\/\",\"url\":\"https:\/\/cafecereza.de\/onlineshop\/produkt\/guatemala-baja-verapaz\/\",\"name\":\"Guatemala Baja Verapaz - Caf\u00e9 Cereza Onlineshop\",\"isPartOf\":{\"@id\":\"https:\/\/cafecereza.de\/onlineshop\/#website\"},\"primaryImageOfPage\":{\"@id\":\"https:\/\/cafecereza.de\/onlineshop\/produkt\/guatemala-baja-verapaz\/#primaryimage\"},\"image\":{\"@id\":\"https:\/\/cafecereza.de\/onlineshop\/produkt\/guatemala-baja-verapaz\/#primaryimage\"},\"thumbnailUrl\":\"https:\/\/cafecereza.de\/onlineshop\/wp-content\/uploads\/sites\/4\/2026\/03\/2505_Product.jpg\",\"datePublished\":\"2021-01-19T14:41:17+00:00\",\"dateModified\":\"2026-04-01T11:06:59+00:00\",\"breadcrumb\":{\"@id\":\"https:\/\/cafecereza.de\/onlineshop\/produkt\/guatemala-baja-verapaz\/#breadcrumb\"},\"inLanguage\":\"de\",\"potentialAction\":[{\"@type\":\"ReadAction\",\"target\":[\"https:\/\/cafecereza.de\/onlineshop\/produkt\/guatemala-baja-verapaz\/\"]}]},{\"@type\":\"ImageObject\",\"inLanguage\":\"de\",\"@id\":\"https:\/\/cafecereza.de\/onlineshop\/produkt\/guatemala-baja-verapaz\/#primaryimage\",\"url\":\"https:\/\/cafecereza.de\/onlineshop\/wp-content\/uploads\/sites\/4\/2026\/03\/2505_Product.jpg\",\"contentUrl\":\"https:\/\/cafecereza.de\/onlineshop\/wp-content\/uploads\/sites\/4\/2026\/03\/2505_Product.jpg\",\"width\":413,\"height\":500,\"caption\":\"Guatemala Baja Verapaz wawi\"},{\"@type\":\"BreadcrumbList\",\"@id\":\"https:\/\/cafecereza.de\/onlineshop\/produkt\/guatemala-baja-verapaz\/#breadcrumb\",\"itemListElement\":[{\"@type\":\"ListItem\",\"position\":1,\"name\":\"Startseite\",\"item\":\"https:\/\/cafecereza.de\/onlineshop\/\"},{\"@type\":\"ListItem\",\"position\":2,\"name\":\"Guatemala Baja Verapaz\"}]},{\"@type\":\"WebSite\",\"@id\":\"https:\/\/cafecereza.de\/onlineshop\/#website\",\"url\":\"https:\/\/cafecereza.de\/onlineshop\/\",\"name\":\"Caf\u00e9 Cereza Onlineshop\",\"description\":\"Kaffee - Espresso - Mokka\",\"publisher\":{\"@id\":\"https:\/\/cafecereza.de\/onlineshop\/#organization\"},\"potentialAction\":[{\"@type\":\"SearchAction\",\"target\":{\"@type\":\"EntryPoint\",\"urlTemplate\":\"https:\/\/cafecereza.de\/onlineshop\/?s={search_term_string}\"},\"query-input\":{\"@type\":\"PropertyValueSpecification\",\"valueRequired\":true,\"valueName\":\"search_term_string\"}}],\"inLanguage\":\"de\"},{\"@type\":\"Organization\",\"@id\":\"https:\/\/cafecereza.de\/onlineshop\/#organization\",\"name\":\"Caf\u00e9 Cereza Onlineshop\",\"url\":\"https:\/\/cafecereza.de\/onlineshop\/\",\"logo\":{\"@type\":\"ImageObject\",\"inLanguage\":\"de\",\"@id\":\"https:\/\/cafecereza.de\/onlineshop\/#\/schema\/logo\/image\/\",\"url\":\"https:\/\/cafecereza.de\/onlineshop\/wp-content\/uploads\/sites\/4\/2016\/09\/cropped-logo_gross_unterschrift_990033_shop.png\",\"contentUrl\":\"https:\/\/cafecereza.de\/onlineshop\/wp-content\/uploads\/sites\/4\/2016\/09\/cropped-logo_gross_unterschrift_990033_shop.png\",\"width\":470,\"height\":110,\"caption\":\"Caf\u00e9 Cereza Onlineshop\"},\"image\":{\"@id\":\"https:\/\/cafecereza.de\/onlineshop\/#\/schema\/logo\/image\/\"}}]}<\/script>\n<!-- \/ Yoast SEO plugin. -->","yoast_head_json":{"title":"Guatemala Baja Verapaz - Caf\u00e9 Cereza Onlineshop","robots":{"index":"index","follow":"follow","max-snippet":"max-snippet:-1","max-image-preview":"max-image-preview:large","max-video-preview":"max-video-preview:-1"},"canonical":"https:\/\/cafecereza.de\/onlineshop\/produkt\/guatemala-baja-verapaz\/","og_locale":"de_DE","og_type":"article","og_title":"Guatemala Baja Verapaz - Caf\u00e9 Cereza Onlineshop","og_description":"Ein samtweicher Espresso mit einer tollen Herkunft.Die Produzenten f\u00fchren die Finca seit \u00fcber 130 Jahren in dritter Generation und unterst\u00fctzen vor Ort 350 Familien durch regelm\u00e4ssiges Einkommen, Bildungs- und Gesundheitsprogramme. Der Kaffee stammt aus nachhaltigem Anbau.  Herkunft: Guatemala, Baja Verapaz Finca: Finca Bremen Aufbereitung: washed Geschmacksprofil: Hibiskus, ger\u00f6stete Haselnuss, Vanille, Milchschokolade, Biskuit Geeignet f\u00fcr: Siebtr\u00e4ger, Herdkanne, Vollautomat","og_url":"https:\/\/cafecereza.de\/onlineshop\/produkt\/guatemala-baja-verapaz\/","og_site_name":"Caf\u00e9 Cereza Onlineshop","article_modified_time":"2026-04-01T11:06:59+00:00","twitter_card":"summary_large_image","schema":{"@context":"https:\/\/schema.org","@graph":[{"@type":"WebPage","@id":"https:\/\/cafecereza.de\/onlineshop\/produkt\/guatemala-baja-verapaz\/","url":"https:\/\/cafecereza.de\/onlineshop\/produkt\/guatemala-baja-verapaz\/","name":"Guatemala Baja Verapaz - Caf\u00e9 Cereza Onlineshop","isPartOf":{"@id":"https:\/\/cafecereza.de\/onlineshop\/#website"},"primaryImageOfPage":{"@id":"https:\/\/cafecereza.de\/onlineshop\/produkt\/guatemala-baja-verapaz\/#primaryimage"},"image":{"@id":"https:\/\/cafecereza.de\/onlineshop\/produkt\/guatemala-baja-verapaz\/#primaryimage"},"thumbnailUrl":"https:\/\/cafecereza.de\/onlineshop\/wp-content\/uploads\/sites\/4\/2026\/03\/2505_Product.jpg","datePublished":"2021-01-19T14:41:17+00:00","dateModified":"2026-04-01T11:06:59+00:00","breadcrumb":{"@id":"https:\/\/cafecereza.de\/onlineshop\/produkt\/guatemala-baja-verapaz\/#breadcrumb"},"inLanguage":"de","potentialAction":[{"@type":"ReadAction","target":["https:\/\/cafecereza.de\/onlineshop\/produkt\/guatemala-baja-verapaz\/"]}]},{"@type":"ImageObject","inLanguage":"de","@id":"https:\/\/cafecereza.de\/onlineshop\/produkt\/guatemala-baja-verapaz\/#primaryimage","url":"https:\/\/cafecereza.de\/onlineshop\/wp-content\/uploads\/sites\/4\/2026\/03\/2505_Product.jpg","contentUrl":"https:\/\/cafecereza.de\/onlineshop\/wp-content\/uploads\/sites\/4\/2026\/03\/2505_Product.jpg","width":413,"height":500,"caption":"Guatemala Baja Verapaz wawi"},{"@type":"BreadcrumbList","@id":"https:\/\/cafecereza.de\/onlineshop\/produkt\/guatemala-baja-verapaz\/#breadcrumb","itemListElement":[{"@type":"ListItem","position":1,"name":"Startseite","item":"https:\/\/cafecereza.de\/onlineshop\/"},{"@type":"ListItem","position":2,"name":"Guatemala Baja Verapaz"}]},{"@type":"WebSite","@id":"https:\/\/cafecereza.de\/onlineshop\/#website","url":"https:\/\/cafecereza.de\/onlineshop\/","name":"Caf\u00e9 Cereza Onlineshop","description":"Kaffee - Espresso - Mokka","publisher":{"@id":"https:\/\/cafecereza.de\/onlineshop\/#organization"},"potentialAction":[{"@type":"SearchAction","target":{"@type":"EntryPoint","urlTemplate":"https:\/\/cafecereza.de\/onlineshop\/?s={search_term_string}"},"query-input":{"@type":"PropertyValueSpecification","valueRequired":true,"valueName":"search_term_string"}}],"inLanguage":"de"},{"@type":"Organization","@id":"https:\/\/cafecereza.de\/onlineshop\/#organization","name":"Caf\u00e9 Cereza Onlineshop","url":"https:\/\/cafecereza.de\/onlineshop\/","logo":{"@type":"ImageObject","inLanguage":"de","@id":"https:\/\/cafecereza.de\/onlineshop\/#\/schema\/logo\/image\/","url":"https:\/\/cafecereza.de\/onlineshop\/wp-content\/uploads\/sites\/4\/2016\/09\/cropped-logo_gross_unterschrift_990033_shop.png","contentUrl":"https:\/\/cafecereza.de\/onlineshop\/wp-content\/uploads\/sites\/4\/2016\/09\/cropped-logo_gross_unterschrift_990033_shop.png","width":470,"height":110,"caption":"Caf\u00e9 Cereza Onlineshop"},"image":{"@id":"https:\/\/cafecereza.de\/onlineshop\/#\/schema\/logo\/image\/"}}]}},"_links":{"self":[{"href":"https:\/\/cafecereza.de\/onlineshop\/wp-json\/wp\/v2\/product\/3645","targetHints":{"allow":["GET"]}}],"collection":[{"href":"https:\/\/cafecereza.de\/onlineshop\/wp-json\/wp\/v2\/product"}],"about":[{"href":"https:\/\/cafecereza.de\/onlineshop\/wp-json\/wp\/v2\/types\/product"}],"wp:featuredmedia":[{"embeddable":true,"href":"https:\/\/cafecereza.de\/onlineshop\/wp-json\/wp\/v2\/media\/3660"}],"wp:attachment":[{"href":"https:\/\/cafecereza.de\/onlineshop\/wp-json\/wp\/v2\/media?parent=3645"}],"wp:term":[{"taxonomy":"product_brand","embeddable":true,"href":"https:\/\/cafecereza.de\/onlineshop\/wp-json\/wp\/v2\/product_brand?post=3645"},{"taxonomy":"product_cat","embeddable":true,"href":"https:\/\/cafecereza.de\/onlineshop\/wp-json\/wp\/v2\/product_cat?post=3645"},{"taxonomy":"product_tag","embeddable":true,"href":"https:\/\/cafecereza.de\/onlineshop\/wp-json\/wp\/v2\/product_tag?post=3645"}],"curies":[{"name":"wp","href":"https:\/\/api.w.org\/{rel}","templated":true}]}}