{"id":3661,"date":"2017-06-13T13:01:27","date_gmt":"2017-06-13T11:01:27","guid":{"rendered":"https:\/\/cafecereza.de\/onlineshop\/produkt\/manizales-filterkaffee-blend\/"},"modified":"2026-04-07T10:14:19","modified_gmt":"2026-04-07T08:14:19","slug":"manizales-filterkaffee-blend","status":"publish","type":"product","link":"https:\/\/cafecereza.de\/onlineshop\/produkt\/manizales-filterkaffee-blend\/","title":{"rendered":"Manizales Filterkaffee Blend"},"content":{"rendered":"","protected":false},"excerpt":{"rendered":"<p>Ein ganz klassischer Filterkaffee, zusammengestellt aus hochwertigsten Spezialit\u00e4ten-Kaffeebohnen. Harmonisch, s\u00e4urearm und aromatisch.<br \/>\nUnkompliziert in der Zubereitung und  f\u00fcr jede Gelegenheit, auch f\u00fcr die Kaffeemaschine sehr gut geeignet.<\/p>\n<p>33% Guatemala Organic\/ 33% El Salvador Organic\/ 33% Colombia Organic<\/p>\n<p>Land: Guatemala \/ El Salvador \/ Colombia<br \/>\nRegion: Atitl\u00e1n \/ Cant\u00f3n El Arco \/ Planadas<br \/>\nFarm: Finca Ceylan y Anexos \/ Finca Andaluc\u00eda \/ AGPROCEM Kooperative<br \/>\nAufbereitung:  washed<\/p>\n<p>Besonders geeignet f\u00fcr: Handfilter, Aeropress, Kaffeemaschine, French Press<\/p>\n","protected":false},"featured_media":3663,"template":"","meta":{"_joinchat":[]},"product_brand":[],"product_cat":[174],"product_tag":[],"class_list":{"0":"post-3661","1":"product","2":"type-product","3":"status-publish","4":"has-post-thumbnail","6":"product_cat-filterkaffee","7":"product_shipping_class-standard","9":"first","10":"instock","11":"taxable","12":"shipping-taxable","13":"purchasable","14":"product-type-variable"},"yoast_head":"<!-- This site is optimized with the Yoast SEO plugin v26.8 - https:\/\/yoast.com\/product\/yoast-seo-wordpress\/ -->\n<title>Manizales Filterkaffee Blend - Caf\u00e9 Cereza Onlineshop<\/title>\n<meta name=\"robots\" content=\"index, follow, max-snippet:-1, max-image-preview:large, max-video-preview:-1\" \/>\n<link rel=\"canonical\" href=\"https:\/\/cafecereza.de\/onlineshop\/produkt\/manizales-filterkaffee-blend\/\" \/>\n<meta property=\"og:locale\" content=\"de_DE\" \/>\n<meta property=\"og:type\" content=\"article\" \/>\n<meta property=\"og:title\" content=\"Manizales Filterkaffee Blend - Caf\u00e9 Cereza Onlineshop\" \/>\n<meta property=\"og:description\" content=\"Ein ganz klassischer Filterkaffee, zusammengestellt aus hochwertigsten Spezialit\u00e4ten-Kaffeebohnen. Harmonisch, s\u00e4urearm und aromatisch.  Unkompliziert in der Zubereitung und f\u00fcr jede Gelegenheit, auch f\u00fcr die Kaffeemaschine sehr gut geeignet.  33% Guatemala Organic\/ 33% El Salvador Organic\/ 33% Colombia Organic  Land: Guatemala \/ El Salvador \/ Colombia Region: Atitl\u00e1n \/ Cant\u00f3n El Arco \/ Planadas Farm: Finca Ceylan y Anexos \/ Finca Andaluc\u00eda \/ AGPROCEM Kooperative Aufbereitung: washed  Besonders geeignet f\u00fcr: Handfilter, Aeropress, Kaffeemaschine, French Press\" \/>\n<meta property=\"og:url\" content=\"https:\/\/cafecereza.de\/onlineshop\/produkt\/manizales-filterkaffee-blend\/\" \/>\n<meta property=\"og:site_name\" content=\"Caf\u00e9 Cereza Onlineshop\" \/>\n<meta property=\"article:modified_time\" content=\"2026-04-07T08:14:19+00:00\" \/>\n<meta name=\"twitter:card\" content=\"summary_large_image\" \/>\n<script type=\"application\/ld+json\" class=\"yoast-schema-graph\">{\"@context\":\"https:\/\/schema.org\",\"@graph\":[{\"@type\":\"WebPage\",\"@id\":\"https:\/\/cafecereza.de\/onlineshop\/produkt\/manizales-filterkaffee-blend\/\",\"url\":\"https:\/\/cafecereza.de\/onlineshop\/produkt\/manizales-filterkaffee-blend\/\",\"name\":\"Manizales Filterkaffee Blend - Caf\u00e9 Cereza Onlineshop\",\"isPartOf\":{\"@id\":\"https:\/\/cafecereza.de\/onlineshop\/#website\"},\"primaryImageOfPage\":{\"@id\":\"https:\/\/cafecereza.de\/onlineshop\/produkt\/manizales-filterkaffee-blend\/#primaryimage\"},\"image\":{\"@id\":\"https:\/\/cafecereza.de\/onlineshop\/produkt\/manizales-filterkaffee-blend\/#primaryimage\"},\"thumbnailUrl\":\"https:\/\/cafecereza.de\/onlineshop\/wp-content\/uploads\/sites\/4\/2026\/03\/1140_Product.jpg\",\"datePublished\":\"2017-06-13T11:01:27+00:00\",\"dateModified\":\"2026-04-07T08:14:19+00:00\",\"breadcrumb\":{\"@id\":\"https:\/\/cafecereza.de\/onlineshop\/produkt\/manizales-filterkaffee-blend\/#breadcrumb\"},\"inLanguage\":\"de\",\"potentialAction\":[{\"@type\":\"ReadAction\",\"target\":[\"https:\/\/cafecereza.de\/onlineshop\/produkt\/manizales-filterkaffee-blend\/\"]}]},{\"@type\":\"ImageObject\",\"inLanguage\":\"de\",\"@id\":\"https:\/\/cafecereza.de\/onlineshop\/produkt\/manizales-filterkaffee-blend\/#primaryimage\",\"url\":\"https:\/\/cafecereza.de\/onlineshop\/wp-content\/uploads\/sites\/4\/2026\/03\/1140_Product.jpg\",\"contentUrl\":\"https:\/\/cafecereza.de\/onlineshop\/wp-content\/uploads\/sites\/4\/2026\/03\/1140_Product.jpg\",\"width\":413,\"height\":500,\"caption\":\"Manizales Filter Blend wawi.jpg\"},{\"@type\":\"BreadcrumbList\",\"@id\":\"https:\/\/cafecereza.de\/onlineshop\/produkt\/manizales-filterkaffee-blend\/#breadcrumb\",\"itemListElement\":[{\"@type\":\"ListItem\",\"position\":1,\"name\":\"Startseite\",\"item\":\"https:\/\/cafecereza.de\/onlineshop\/\"},{\"@type\":\"ListItem\",\"position\":2,\"name\":\"Manizales Filterkaffee Blend\"}]},{\"@type\":\"WebSite\",\"@id\":\"https:\/\/cafecereza.de\/onlineshop\/#website\",\"url\":\"https:\/\/cafecereza.de\/onlineshop\/\",\"name\":\"Caf\u00e9 Cereza Onlineshop\",\"description\":\"Kaffee - Espresso - Mokka\",\"publisher\":{\"@id\":\"https:\/\/cafecereza.de\/onlineshop\/#organization\"},\"potentialAction\":[{\"@type\":\"SearchAction\",\"target\":{\"@type\":\"EntryPoint\",\"urlTemplate\":\"https:\/\/cafecereza.de\/onlineshop\/?s={search_term_string}\"},\"query-input\":{\"@type\":\"PropertyValueSpecification\",\"valueRequired\":true,\"valueName\":\"search_term_string\"}}],\"inLanguage\":\"de\"},{\"@type\":\"Organization\",\"@id\":\"https:\/\/cafecereza.de\/onlineshop\/#organization\",\"name\":\"Caf\u00e9 Cereza Onlineshop\",\"url\":\"https:\/\/cafecereza.de\/onlineshop\/\",\"logo\":{\"@type\":\"ImageObject\",\"inLanguage\":\"de\",\"@id\":\"https:\/\/cafecereza.de\/onlineshop\/#\/schema\/logo\/image\/\",\"url\":\"https:\/\/cafecereza.de\/onlineshop\/wp-content\/uploads\/sites\/4\/2016\/09\/cropped-logo_gross_unterschrift_990033_shop.png\",\"contentUrl\":\"https:\/\/cafecereza.de\/onlineshop\/wp-content\/uploads\/sites\/4\/2016\/09\/cropped-logo_gross_unterschrift_990033_shop.png\",\"width\":470,\"height\":110,\"caption\":\"Caf\u00e9 Cereza Onlineshop\"},\"image\":{\"@id\":\"https:\/\/cafecereza.de\/onlineshop\/#\/schema\/logo\/image\/\"}}]}<\/script>\n<!-- \/ Yoast SEO plugin. -->","yoast_head_json":{"title":"Manizales Filterkaffee Blend - Caf\u00e9 Cereza Onlineshop","robots":{"index":"index","follow":"follow","max-snippet":"max-snippet:-1","max-image-preview":"max-image-preview:large","max-video-preview":"max-video-preview:-1"},"canonical":"https:\/\/cafecereza.de\/onlineshop\/produkt\/manizales-filterkaffee-blend\/","og_locale":"de_DE","og_type":"article","og_title":"Manizales Filterkaffee Blend - Caf\u00e9 Cereza Onlineshop","og_description":"Ein ganz klassischer Filterkaffee, zusammengestellt aus hochwertigsten Spezialit\u00e4ten-Kaffeebohnen. Harmonisch, s\u00e4urearm und aromatisch.  Unkompliziert in der Zubereitung und f\u00fcr jede Gelegenheit, auch f\u00fcr die Kaffeemaschine sehr gut geeignet.  33% Guatemala Organic\/ 33% El Salvador Organic\/ 33% Colombia Organic  Land: Guatemala \/ El Salvador \/ Colombia Region: Atitl\u00e1n \/ Cant\u00f3n El Arco \/ Planadas Farm: Finca Ceylan y Anexos \/ Finca Andaluc\u00eda \/ AGPROCEM Kooperative Aufbereitung: washed  Besonders geeignet f\u00fcr: Handfilter, Aeropress, Kaffeemaschine, French Press","og_url":"https:\/\/cafecereza.de\/onlineshop\/produkt\/manizales-filterkaffee-blend\/","og_site_name":"Caf\u00e9 Cereza Onlineshop","article_modified_time":"2026-04-07T08:14:19+00:00","twitter_card":"summary_large_image","schema":{"@context":"https:\/\/schema.org","@graph":[{"@type":"WebPage","@id":"https:\/\/cafecereza.de\/onlineshop\/produkt\/manizales-filterkaffee-blend\/","url":"https:\/\/cafecereza.de\/onlineshop\/produkt\/manizales-filterkaffee-blend\/","name":"Manizales Filterkaffee Blend - Caf\u00e9 Cereza Onlineshop","isPartOf":{"@id":"https:\/\/cafecereza.de\/onlineshop\/#website"},"primaryImageOfPage":{"@id":"https:\/\/cafecereza.de\/onlineshop\/produkt\/manizales-filterkaffee-blend\/#primaryimage"},"image":{"@id":"https:\/\/cafecereza.de\/onlineshop\/produkt\/manizales-filterkaffee-blend\/#primaryimage"},"thumbnailUrl":"https:\/\/cafecereza.de\/onlineshop\/wp-content\/uploads\/sites\/4\/2026\/03\/1140_Product.jpg","datePublished":"2017-06-13T11:01:27+00:00","dateModified":"2026-04-07T08:14:19+00:00","breadcrumb":{"@id":"https:\/\/cafecereza.de\/onlineshop\/produkt\/manizales-filterkaffee-blend\/#breadcrumb"},"inLanguage":"de","potentialAction":[{"@type":"ReadAction","target":["https:\/\/cafecereza.de\/onlineshop\/produkt\/manizales-filterkaffee-blend\/"]}]},{"@type":"ImageObject","inLanguage":"de","@id":"https:\/\/cafecereza.de\/onlineshop\/produkt\/manizales-filterkaffee-blend\/#primaryimage","url":"https:\/\/cafecereza.de\/onlineshop\/wp-content\/uploads\/sites\/4\/2026\/03\/1140_Product.jpg","contentUrl":"https:\/\/cafecereza.de\/onlineshop\/wp-content\/uploads\/sites\/4\/2026\/03\/1140_Product.jpg","width":413,"height":500,"caption":"Manizales Filter Blend wawi.jpg"},{"@type":"BreadcrumbList","@id":"https:\/\/cafecereza.de\/onlineshop\/produkt\/manizales-filterkaffee-blend\/#breadcrumb","itemListElement":[{"@type":"ListItem","position":1,"name":"Startseite","item":"https:\/\/cafecereza.de\/onlineshop\/"},{"@type":"ListItem","position":2,"name":"Manizales Filterkaffee Blend"}]},{"@type":"WebSite","@id":"https:\/\/cafecereza.de\/onlineshop\/#website","url":"https:\/\/cafecereza.de\/onlineshop\/","name":"Caf\u00e9 Cereza Onlineshop","description":"Kaffee - Espresso - Mokka","publisher":{"@id":"https:\/\/cafecereza.de\/onlineshop\/#organization"},"potentialAction":[{"@type":"SearchAction","target":{"@type":"EntryPoint","urlTemplate":"https:\/\/cafecereza.de\/onlineshop\/?s={search_term_string}"},"query-input":{"@type":"PropertyValueSpecification","valueRequired":true,"valueName":"search_term_string"}}],"inLanguage":"de"},{"@type":"Organization","@id":"https:\/\/cafecereza.de\/onlineshop\/#organization","name":"Caf\u00e9 Cereza Onlineshop","url":"https:\/\/cafecereza.de\/onlineshop\/","logo":{"@type":"ImageObject","inLanguage":"de","@id":"https:\/\/cafecereza.de\/onlineshop\/#\/schema\/logo\/image\/","url":"https:\/\/cafecereza.de\/onlineshop\/wp-content\/uploads\/sites\/4\/2016\/09\/cropped-logo_gross_unterschrift_990033_shop.png","contentUrl":"https:\/\/cafecereza.de\/onlineshop\/wp-content\/uploads\/sites\/4\/2016\/09\/cropped-logo_gross_unterschrift_990033_shop.png","width":470,"height":110,"caption":"Caf\u00e9 Cereza Onlineshop"},"image":{"@id":"https:\/\/cafecereza.de\/onlineshop\/#\/schema\/logo\/image\/"}}]}},"_links":{"self":[{"href":"https:\/\/cafecereza.de\/onlineshop\/wp-json\/wp\/v2\/product\/3661","targetHints":{"allow":["GET"]}}],"collection":[{"href":"https:\/\/cafecereza.de\/onlineshop\/wp-json\/wp\/v2\/product"}],"about":[{"href":"https:\/\/cafecereza.de\/onlineshop\/wp-json\/wp\/v2\/types\/product"}],"wp:featuredmedia":[{"embeddable":true,"href":"https:\/\/cafecereza.de\/onlineshop\/wp-json\/wp\/v2\/media\/3663"}],"wp:attachment":[{"href":"https:\/\/cafecereza.de\/onlineshop\/wp-json\/wp\/v2\/media?parent=3661"}],"wp:term":[{"taxonomy":"product_brand","embeddable":true,"href":"https:\/\/cafecereza.de\/onlineshop\/wp-json\/wp\/v2\/product_brand?post=3661"},{"taxonomy":"product_cat","embeddable":true,"href":"https:\/\/cafecereza.de\/onlineshop\/wp-json\/wp\/v2\/product_cat?post=3661"},{"taxonomy":"product_tag","embeddable":true,"href":"https:\/\/cafecereza.de\/onlineshop\/wp-json\/wp\/v2\/product_tag?post=3661"}],"curies":[{"name":"wp","href":"https:\/\/api.w.org\/{rel}","templated":true}]}}